{"id":131085,"date":"2025-06-09T08:35:16","date_gmt":"2025-06-09T12:35:16","guid":{"rendered":"https:\/\/rvc-navigator.com\/showroom\/"},"modified":"2025-06-10T15:19:17","modified_gmt":"2025-06-10T19:19:17","slug":"showroom","status":"publish","type":"page","link":"https:\/\/rvc-navigator.com\/fr\/showroom\/","title":{"rendered":"Inventaire VR"},"content":{"rendered":"\t\t<div data-elementor-type=\"wp-page\" data-elementor-id=\"131085\" class=\"elementor elementor-131085 elementor-129890\" data-elementor-post-type=\"page\">\n\t\t\t\t<div class=\"elementor-element elementor-element-c112852 e-con-full e-flex e-con e-parent\" data-id=\"c112852\" data-element_type=\"container\" data-settings=\"{&quot;jet_parallax_layout_list&quot;:[{&quot;_id&quot;:&quot;95245cf&quot;,&quot;jet_parallax_layout_image&quot;:{&quot;url&quot;:&quot;&quot;,&quot;id&quot;:&quot;&quot;,&quot;size&quot;:&quot;&quot;},&quot;jet_parallax_layout_image_laptop&quot;:{&quot;url&quot;:&quot;&quot;,&quot;id&quot;:&quot;&quot;,&quot;size&quot;:&quot;&quot;},&quot;jet_parallax_layout_image_tablet&quot;:{&quot;url&quot;:&quot;&quot;,&quot;id&quot;:&quot;&quot;,&quot;size&quot;:&quot;&quot;},&quot;jet_parallax_layout_image_mobile&quot;:{&quot;url&quot;:&quot;&quot;,&quot;id&quot;:&quot;&quot;,&quot;size&quot;:&quot;&quot;},&quot;jet_parallax_layout_speed&quot;:{&quot;unit&quot;:&quot;%&quot;,&quot;size&quot;:50,&quot;sizes&quot;:[]},&quot;jet_parallax_layout_type&quot;:&quot;scroll&quot;,&quot;jet_parallax_layout_direction&quot;:&quot;1&quot;,&quot;jet_parallax_layout_fx_direction&quot;:null,&quot;jet_parallax_layout_z_index&quot;:&quot;&quot;,&quot;jet_parallax_layout_bg_x&quot;:50,&quot;jet_parallax_layout_bg_x_laptop&quot;:&quot;&quot;,&quot;jet_parallax_layout_bg_x_tablet&quot;:&quot;&quot;,&quot;jet_parallax_layout_bg_x_mobile&quot;:&quot;&quot;,&quot;jet_parallax_layout_bg_y&quot;:50,&quot;jet_parallax_layout_bg_y_laptop&quot;:&quot;&quot;,&quot;jet_parallax_layout_bg_y_tablet&quot;:&quot;&quot;,&quot;jet_parallax_layout_bg_y_mobile&quot;:&quot;&quot;,&quot;jet_parallax_layout_bg_size&quot;:&quot;auto&quot;,&quot;jet_parallax_layout_bg_size_laptop&quot;:&quot;&quot;,&quot;jet_parallax_layout_bg_size_tablet&quot;:&quot;&quot;,&quot;jet_parallax_layout_bg_size_mobile&quot;:&quot;&quot;,&quot;jet_parallax_layout_animation_prop&quot;:&quot;transform&quot;,&quot;jet_parallax_layout_on&quot;:[&quot;desktop&quot;,&quot;tablet&quot;]}],&quot;background_background&quot;:&quot;classic&quot;}\">\n\t\t<div class=\"elementor-element elementor-element-3b99f2d e-con-full e-flex e-con e-child\" data-id=\"3b99f2d\" data-element_type=\"container\" data-settings=\"{&quot;jet_parallax_layout_list&quot;:[]}\">\n\t\t<div class=\"elementor-element elementor-element-61c8867 e-con-full e-flex e-con e-child\" data-id=\"61c8867\" data-element_type=\"container\" data-settings=\"{&quot;jet_parallax_layout_list&quot;:[]}\">\n\t\t\t\t<div class=\"elementor-element elementor-element-1133c49 jet-breadcrumbs-page-title-yes jet-breadcrumbs-align-left elementor-widget elementor-widget-jet-breadcrumbs\" data-id=\"1133c49\" data-element_type=\"widget\" data-widget_type=\"jet-breadcrumbs.default\">\n\t\t\t\t<div class=\"elementor-widget-container\">\n\t\t\t<div class=\"elementor-jet-breadcrumbs jet-blocks\">\n\t\t<div class=\"jet-breadcrumbs\">\n\t\t<div class=\"jet-breadcrumbs__content\">\n\t\t<div class=\"jet-breadcrumbs__wrap\"><div class=\"jet-breadcrumbs__item\"><a href=\"https:\/\/rvc-navigator.com\/fr\/\" class=\"jet-breadcrumbs__item-link is-home\" rel=\"home\" title=\"Home\">Home<\/a><\/div>\n\t\t<\/div>\n\t\t<\/div>\n\t\t<\/div><\/div>\t\t<\/div>\n\t\t\t\t<\/div>\n\t\t\t\t<div class=\"elementor-element elementor-element-a36429a elementor-widget elementor-widget-heading\" data-id=\"a36429a\" data-element_type=\"widget\" data-widget_type=\"heading.default\">\n\t\t\t\t<div class=\"elementor-widget-container\">\n\t\t\t<h2 class=\"elementor-heading-title elementor-size-default\">Pr\u00eat \u00e0 partir pour votre prochaine aventure en camping ? D\u00e9couvrez nos v\u00e9hicules r\u00e9cr\u00e9atifs d\u00e8s aujourd'hui ! <\/h2>\t\t<\/div>\n\t\t\t\t<\/div>\n\t\t\t\t<div class=\"elementor-element elementor-element-880ba25 elementor-widget elementor-widget-text-editor\" data-id=\"880ba25\" data-element_type=\"widget\" data-widget_type=\"text-editor.default\">\n\t\t\t\t<div class=\"elementor-widget-container\">\n\t\t\t\t\t\t\t<p>Explorez notre impressionnante s\u00e9lection de v\u00e9hicules r\u00e9cr\u00e9atifs (VR) con\u00e7us pour vous faire vivre des aventures inoubliables. Que vous recherchiez le confort d\u2019un spacieux VR <a href=\"\/fr\/rv-types\/motorise\/\">motoris\u00e9<\/a>, l\u2019agilit\u00e9 d\u2019une <a href=\"\/fr\/rv-types\/roulotte\/\">roulotte<\/a>, la libert\u00e9 d\u2019un <a href=\"\/fr\/rv-types\/campeur-sur-camion\/\">campeur sur camion<\/a> ou l\u2019espace de vie et la stabilit\u00e9 de remorquage d\u2019une <a href=\"\/fr\/rv-types\/caravane-a-sellette\/\">caravane \u00e0 sellette<\/a>, nous avons le VR id\u00e9al pour chaque voyageur.  Parcourez notre s\u00e9lection pour d\u00e9couvrir des mod\u00e8les luxueux de <a href=\"\/fr\/rv-types\/classe-a\/\">classe A<\/a>, des roulottes l\u00e9g\u00e8res, des <a href=\"\/fr\/rv-types\/classe-c\/\">motoris\u00e9s de classe C<\/a> polyvalents, et bien plus encore. Quel que soit votre style de voyage, nos VR sont con\u00e7us pour faire de chaque escapade un moment m\u00e9morable. Pr\u00e9parez-vous \u00e0 embarquer pour un voyage vers l\u2019inconnu ! <\/p>\n\t\t\t\t\t\t<\/div>\n\t\t\t\t<\/div>\n\t\t\t\t<\/div>\n\t\t<div class=\"elementor-element elementor-element-6407dc9 e-con-full elementor-hidden-desktop elementor-hidden-laptop elementor-hidden-tablet elementor-hidden-mobile e-flex e-con e-child\" data-id=\"6407dc9\" data-element_type=\"container\" data-settings=\"{&quot;jet_parallax_layout_list&quot;:[]}\">\n\t\t\t\t<\/div>\n\t\t\t\t<\/div>\n\t\t\t\t<div class=\"elementor-element elementor-element-951939c elementor-widget elementor-widget-shortcode\" data-id=\"951939c\" data-element_type=\"widget\" data-widget_type=\"shortcode.default\">\n\t\t\t\t<div class=\"elementor-widget-container\">\n\t\t\t\t\t<div class=\"elementor-shortcode\"><form class=\"iso-keyword-search-form loader-container\" method=\"get\" action=\"https:\/\/rvc-navigator.com\/rv-showroom\/\">\n    <div id=\"keyword-search\">\n        <input\n            type=\"text\"\n            name=\"qry\"\n            placeholder=\"Recherche par mot cl\u00e9 ou par num\u00e9ro de stock...\"\n \u00a0 \u00a0 \u00a0 \u00a0 \u00a0 \u00a0value=\"\"\n \u00a0 \u00a0 \u00a0 \u00a0 \u00a0 \u00a0autocomplete=\"off\"\n\t\t\tstyle=\"padding: 15px 30px;\"\n        \/>\n        <button type=\"submit\" class=\"button-search\" style=\"display: flex; align-items: center; border-radius: 0 3px 3px 0;\">\n            <svg xmlns=\"http:\/\/www.w3.org\/2000\/svg\" height=\"18\" width=\"18\" viewBox=\"0 0 512 512\">\n                <path d=\"M416 208c0 45.9-14.9 88.3-40 122.7L502.6 457.4c12.5 12.5 12.5 32.8 0 45.3s-32.8 12.5-45.3 0L330.7 376c-34.4 25.2-76.8 40-122.7 40C93.1 416 0 322.9 0 208S93.1 0 208 0S416 93.1 416 208zM208 352a144 144 0 1 0 0-288 144 144 0 1 0 0 288z\"\/>\n            <\/svg>\n        <\/button>\n    <\/div>\n<\/form>\n<\/div>\n\t\t\t\t<\/div>\n\t\t\t\t<\/div>\n\t\t\t\t<\/div>\n\t\t<div class=\"elementor-element elementor-element-ca0baae e-flex e-con-boxed e-con e-parent\" data-id=\"ca0baae\" data-element_type=\"container\" data-settings=\"{&quot;background_background&quot;:&quot;classic&quot;,&quot;jet_parallax_layout_list&quot;:[]}\">\n\t\t\t\t\t<div class=\"e-con-inner\">\n\t\t\t\t<div class=\"elementor-element elementor-element-ab1e252 elementor-widget elementor-widget-shortcode\" data-id=\"ab1e252\" data-element_type=\"widget\" data-widget_type=\"shortcode.default\">\n\t\t\t\t<div class=\"elementor-widget-container\">\n\t\t\t\t\t<div class=\"elementor-shortcode\">\n<!-- Boutons principaux : ouverture des filtres & partage -->\n<div style=\"display: flex; flex-direction: column; align-items: end; gap: 10px;\">\n    <button id=\"toggle-filters\" class=\"showroom-btn-alt\">\n\t\t<svg xmlns=\"http:\/\/www.w3.org\/2000\/svg\" height=\"18\" viewBox=\"0 0 512 512\"><path d=\"M3.9 54.9C10.5 40.9 24.5 32 40 32l432 0c15.5 0 29.5 8.9 36.1 22.9s4.6 30.5-5.2 42.5L320 320.9 320 448c0 12.1-6.8 23.2-17.7 28.6s-23.8 4.3-33.5-3l-64-48c-8.1-6-12.8-15.5-12.8-25.6l0-79.1L9 97.3C-.7 85.4-2.8 68.8 3.9 54.9z\"\/><\/svg>\n\t\tFiltres\t<\/button>\n    <div id=\"share\">\n                <button id=\"share-search\">\n            <svg xmlns=\"http:\/\/www.w3.org\/2000\/svg\" fill=\"none\" viewBox=\"0 0 24 24\" stroke-width=\"1.5\" stroke=\"currentColor\" width=\"15\" height=\"15\">\n    \t\t  <path stroke-linecap=\"round\" stroke-linejoin=\"round\" d=\"M7.217 10.907a2.25 2.25 0 1 0 0 2.186m0-2.186c.18.324.283.696.283 1.093s-.103.77-.283 1.093m0-2.186 9.566-5.314m-9.566 7.5 9.566 5.314m0 0a2.25 2.25 0 1 0 3.935 2.186 2.25 2.25 0 0 0-3.935-2.186Zm0-12.814a2.25 2.25 0 1 0 3.933-2.185 2.25 2.25 0 0 0-3.933 2.185Z\" \/>\n    \t\t<\/svg>\n            Partager votre recherche        <\/button>\n    <\/div>\n<\/div>\n\n<!-- Bloc de partage de la recherche -->\n<div id=\"share-links\" style=\"display:none; margin-top:10px;\">\n    <div class=\"share-links-wrapper\">\n        <input id=\"share-url\" type=\"text\" readonly>\n        <button id=\"copy-link\" onclick=\"navigator.clipboard.writeText(document.getElementById('share-url').value)\">Copier le lien<\/button>\n    <\/div>\n    <div style=\"margin-top:20px;\">\n        <!-- R\u00e9seaux sociaux -->\n        <a id=\"share-fb\" target=\"_blank\" style=\"margin-right:8px; display:inline-flex; align-items:center;\">\n            <svg xmlns=\"http:\/\/www.w3.org\/2000\/svg\" width=\"25\" height=\"25\" fill=\"#3b5998\" viewBox=\"0 0 24 24\" style=\"margin-right:4px;\">\n\t\t\t\t<path d=\"M22.675 0h-21.35C.6 0 0 .6 0 1.326v21.348C0 23.4.6 24 1.325 24h11.495v-9.294H9.691v-3.622h3.13V8.413c0-3.1 1.894-4.788 4.659-4.788 1.325 0 2.464.099 2.795.143v3.24l-1.918.001c-1.504 0-1.796.715-1.796 1.763v2.312h3.59l-.467 3.622h-3.123V24h6.116c.726 0 1.324-.6 1.324-1.326V1.326C24 .6 23.4 0 22.675 0z\"\/>\n\t\t\t<\/svg>\n            Facebook        <\/a> \n        <a id=\"share-tw\" target=\"_blank\" style=\"margin: 0 8px; display:inline-flex; align-items:center;\">\n            <svg xmlns=\"http:\/\/www.w3.org\/2000\/svg\" width=\"25\" height=\"25\" fill=\"#1DA1F2\" viewBox=\"0 0 24 24\" style=\"margin-right:4px;\">\n\t\t\t\t<path d=\"M24 4.557a9.83 9.83 0 01-2.828.775 4.932 4.932 0 002.165-2.724 9.864 9.864 0 01-3.127 1.195 4.916 4.916 0 00-8.379 4.482A13.946 13.946 0 011.671 3.149 4.916 4.916 0 003.195 9.72 4.9 4.9 0 012 9.099v.062a4.917 4.917 0 003.946 4.813 4.9 4.9 0 01-2.212.084 4.917 4.917 0 004.588 3.417 9.867 9.867 0 01-6.102 2.104c-.395 0-.786-.023-1.17-.067A13.945 13.945 0 007.548 21c9.142 0 14.307-7.721 14.307-14.417 0-.22-.004-.439-.015-.655A10.247 10.247 0 0024 4.557z\"\/>\n\t\t\t<\/svg>\n            Twitter        <\/a> \n        <a id=\"share-li\" target=\"_blank\" style=\"margin: 0 8px; display:inline-flex; align-items:center;\">\n            <svg xmlns=\"http:\/\/www.w3.org\/2000\/svg\" width=\"25\" height=\"25\" fill=\"#0077B5\" viewBox=\"0 0 24 24\" style=\"margin-right:4px;\">\n\t\t\t\t<path d=\"M20.447 20.452h-3.554v-5.569c0-1.327-.025-3.036-1.849-3.036-1.851 0-2.134 1.445-2.134 2.939v5.666h-3.554V9h3.414v1.561h.049c.476-.9 1.635-1.849 3.367-1.849 3.6 0 4.265 2.37 4.265 5.451v6.289zM5.337 7.433a2.07 2.07 0 110-4.14 2.07 2.07 0 010 4.14zM6.999 20.452H3.674V9h3.325v11.452zM22.225 0H1.771C.792 0 0 .774 0 1.729v20.542C0 23.223.792 24 1.771 24h20.451C23.2 24 24 23.223 24 22.271V1.729C24 .774 23.2 0 22.225 0z\"\/>\n\t\t\t<\/svg>\n            LinkedIn        <\/a> \n        <a id=\"share-wa\" target=\"_blank\" style=\"margin: 0 8px; display:inline-flex; align-items:center;\">\n            <svg xmlns=\"http:\/\/www.w3.org\/2000\/svg\" width=\"25\" height=\"25\" viewBox=\"0 0 32 32\" fill=\"#25D366\" style=\"margin-right:4px;\">\n\t\t\t<path d=\"M16 .396c-8.837 0-16 7.163-16 16 0 2.825.736 5.563 2.137 7.973L0 32l7.77-2.116C10.299 31.155 13.117 32 16 32c8.837 0 16-7.163 16-16S24.837.396 16 .396zm0 29.397c-2.591 0-5.099-.74-7.263-2.138l-.52-.33-4.604 1.253 1.254-4.48-.339-.54C2.96 21.008 2.198 18.524 2.198 16c0-7.607 6.195-13.802 13.802-13.802S29.802 8.393 29.802 16 23.607 29.793 16 29.793zm7.563-9.202c-.418-.209-2.48-1.228-2.864-1.365-.384-.136-.665-.209-.947.21-.282.418-1.089 1.364-1.334 1.646-.245.281-.491.313-.909.104-.418-.209-1.766-.65-3.362-2.075-1.243-1.11-2.08-2.479-2.325-2.897-.245-.418-.026-.644.183-.854.188-.187.418-.487.627-.73.209-.245.278-.418.418-.697.14-.279.07-.523-.035-.73-.104-.209-.947-2.29-1.299-3.148-.341-.819-.686-.709-.947-.72l-.81-.012c-.281 0-.733.105-1.118.523-.385.418-1.47 1.437-1.47 3.504s1.505 4.065 1.714 4.348c.209.279 2.961 4.529 7.167 6.35 1.002.431 1.784.688 2.392.883 1.004.318 1.916.273 2.637.166.805-.12 2.48-1.013 2.833-1.991.35-.978.35-1.815.245-1.991-.105-.177-.382-.28-.8-.488z\"\/>\n\t\t  <\/svg>\n            WhatsApp        <\/a>\n        <a id=\"share-em\" target=\"_blank\" style=\"margin-left:8px; display:inline-flex; align-items:center;\">\n            <svg xmlns=\"http:\/\/www.w3.org\/2000\/svg\" width=\"25\" height=\"25\" fill=\"black\" viewBox=\"0 0 24 24\" style=\"margin-right:4px;\">\n\t\t\t<path d=\"M2 4a2 2 0 0 0-2 2v12a2 2 0 0 0 2 2h20a2 2 0 0 0 2-2V6a2 2 0 0 0-2-2H2zm0 2h20l-10 7L2 6zm0 2.24 7.82 5.47a2 2 0 0 0 2.36 0L22 8.24V18H2V8.24z\"\/>\n\t\t  <\/svg>\n            Courriel        <\/a>\n    <\/div>\n<\/div>\n\n<!-- Pop-up de filtres avanc\u00e9s -->\n<div id=\"filters-panel\" class=\"filters-panel loader-container\" style=\"display: none;\">\n    <button id=\"form-close\" type=\"button\">\n        <svg xmlns=\"http:\/\/www.w3.org\/2000\/svg\" fill=\"none\" viewBox=\"0 0 24 24\" stroke-width=\"1.5\" stroke=\"#1f3044\" width=\"25\" height=\"25\">\n\t\t  <path stroke-linecap=\"round\" stroke-linejoin=\"round\" d=\"M6 18 18 6M6 6l12 12\" \/>\n\t\t<\/svg>\n    <\/button>\n    <div id=\"filters-panel-overlay\"><\/div>\n    <form id=\"iso-advanced-search-form\">\n        <!-- Champs dynamiquement inject\u00e9s par JS -->\n        <div id=\"dynamic-fields\">\n\t\t\t <!-- Postal Code -->\n            <label for=\"postal\" style=\"font-size: 1rem; margin-bottom: 5px;\">Code Postal<\/label>\n            <div style=\"display: flex; flex-direction: row; gap: 5px; padding-bottom: 10px\">\n                <input type=\"text\" name=\"postal\" id=\"postal\" placeholder=\"ex: H1Z 1A6\" style=\"width: 55%\"\/>\n                <select name=\"distance\" id=\"distance\" style=\"width: 45%\">\n                    <option value=\"25\">+25 km<\/option>\n                    <option value=\"50\" selected>+50 km<\/option>\n                    <option value=\"100\">+100 km<\/option>\n                    <option value=\"250\">+250 km<\/option>\n                    <option value=\"500\">+500 km<\/option>\n                    <option value=\"1000\">+1000 km<\/option>\n                <\/select>\n            <\/div>\n            \n                \t\t\t<span style=\"color: #888; margin-left: 15px\">OR<\/span>\n                <!-- Province -->\n                                <select name=\"province\" id=\"province\" style=\"font-size: 1rem; margin-bottom: 20px; margin-top: 10px\" data-position=\"0\">\n                    \n                    <option value=\"\">Province<\/option><option value=\"ALBERTA\">ALBERTA<\/option><option value=\"BRITISH COLUMBIA\">COLOMBIE-BRITANNIQUE<\/option><option value=\"MANITOBA\">MANITOBA<\/option><option value=\"NEW BRUNSWICK\">NOUVEAU-BRUNSWICK<\/option><option value=\"NEWFOUNDLAND AND LABRADOR\">TERRE-NEUVE-ET-LABRADOR<\/option><option value=\"NOVA SCOTIA\">LA NOUVELLE-\u00c9COSSE<\/option><option value=\"ONTARIO\">ONTARIO<\/option><option value=\"PRINCE EDWARD ISLAND\">\u00ceLE-DU-PRINCE-\u00c9DOUARD<\/option><option value=\"QUEBEC\">QU\u00c9BEC<\/option><option value=\"SASKATCHEWAN\">SASKATCHEWAN<\/option><option value=\"NORTHWEST TERRITORIES\">TERRITOIRES DU NORD-OUEST<\/option><option value=\"NUNAVUT\">NUNAVUT<\/option><option value=\"YUKON\">YUKON<\/option>                <\/select>\n                        \n                        <!-- Type -->\n            <select id=\"type\" name=\"type\" style=\"font-size: 1rem; margin-bottom: 20px;\" data-position=\"1\">\n                <option value=\"\">Type<\/option>\n            <\/select>\n                        \n                        <!-- Manufacturer -->\n            <select id=\"brand\" name=\"brand\" style=\"font-size: 1rem; margin-bottom: 20px;\" data-position=\"2\">\n                <option value=\"\">Fabricant<\/option>\n            <\/select>\n                        <!-- Brand -->\n            <select id=\"subbrand\" name=\"subbrand\" style=\"font-size: 1rem; margin-bottom: 20px;\" data-position=\"3\">\n                <option value=\"\">Marque<\/option>\n            <\/select>\n            <!-- Model -->\n            <select id=\"model\" name=\"model\" style=\"font-size: 1rem; margin-bottom: 20px;\" data-position=\"4\">\n                <option value=\"\">Mod\u00e8le<\/option>\n            <\/select>\n            <!-- Sleeps -->\n            <select id=\"sleeps\" name=\"sleeps\" style=\"font-size: 1rem; margin-bottom: 20px;\" data-position=\"5\">\n                <option value=\"\">Coucher<\/option>\n            <\/select>\n            <!-- Condition -->\n            <div style=\"display: flex; flex-direction: row; align-items: center; gap: 10px; font-size: 1rem; padding-bottom: 20px\">\n                <label style=\"display: flex; align-items: center;\">\n                    <input type=\"radio\" name=\"condition\" value=\"\" checked style=\"margin-right: 5px; width: 20px; height: 40px; accent-color: #ffc100; background-color: white;\">\n                    Tout                <\/label>\n                <label style=\"display: flex; align-items: center;\">\n                    <input type=\"radio\" name=\"condition\" value=\"va-new\" style=\"margin-right: 5px; width: 20px; height: 40px; accent-color: #ffc100; background-color: white;\">\n                    VR neufs                <\/label>\n                <label style=\"display: flex; align-items: center;\">\n                    <input type=\"radio\" name=\"condition\" value=\"va-used\" style=\"margin-right: 5px; width: 20px; height: 40px; accent-color: #ffc100; background-color: white;\">\n                    VR d'occasion                <\/label>\n            <\/div>\n            <!-- Budget -->\n            <div style=\"padding-bottom: 20px;\">\n                <div style=\"display: flex; flex-direction: row; justify-content: space-between; font-size: 1rem; padding-bottom: 10px\">\n                    <label>Budget<\/label>\n                    <span id=\"budget-display\"><\/span>\n                <\/div>\n                <input type=\"text\" name=\"budget\" id=\"range-budget\" class=\"filter-range\" value=\"\" data-step=\"1000\" data-min=\"0\" data-max=\"1149966\" \/>\n            <\/div>\n            <!-- Weight -->\n            <div style=\"padding-bottom: 20px;\">\n                <div style=\"display: flex; flex-direction: row; justify-content: space-between; font-size: 1rem; padding-bottom: 10px\">\n                    <label>Poids<\/label>\n                    <span id=\"weight-display\"><\/span>\n                <\/div>\n                <input type=\"text\" name=\"weight\" id=\"range-weight\" class=\"filter-range\" value=\"\" data-step=\"100\" data-min=\"0\" data-max=\"65718\">\n            <\/div>\n            <!-- Length -->\n            <div style=\"padding-bottom: 20px;\">\n                <div style=\"display: flex; flex-direction: row; justify-content: space-between; font-size: 1rem; padding-bottom: 10px\">\n                    <label>Longueur<\/label>\n                    <span id=\"length-display\"><\/span>\n                <\/div>\n                <input type=\"text\" data-step=\"10\" name=\"length\" id=\"range-length\" class=\"filter-range\" value=\"\" data-min=\"0\" data-max=\"3989\">\n            <\/div>\n            <!-- Year -->\n            <div style=\"padding-bottom: 20px;\">\n                <div style=\"display: flex; flex-direction: row; justify-content: space-between; font-size: 1rem; padding-bottom: 10px\">\n                    <label>Ann\u00e9e<\/label>\n                    <span id=\"year-display\"><\/span>\n                <\/div>\n                <input type=\"text\" name=\"year\" id=\"range-year\" class=\"filter-range\" value=\"\" data-step=\"1\" data-min=\"0\" data-max=\"2027\" data-prettify-enabled=\"0\" data-prettify-separator=\"\">\n            <\/div>\n        <\/div>\n        <input type=\"hidden\" name=\"sort\" id=\"sort-field\" value=\"\" \/>\n        <button id=\"submit-search\" type=\"submit\">RECHERCHER<\/button>\n        <button id=\"reset-search\" type=\"reset\">R\u00e9initialiser les filtres<\/button>\n    <\/form>\n<\/div>\n\n<!-- En-t\u00eate et outils des r\u00e9sultats -->\n<div id=\"iso-advanced-search-results-header\">\n    <div id=\"iso-advanced-search-results-count\"><\/div>\n    <div id=\"iso-advanced-search-results-sort\">\n        <label for=\"sort-results\">Trier par:<\/label>\n        <select id=\"sort-results\">\n            <option value=\"\">Par d\u00e9faut<\/option>\n            <option value=\"price-asc\">Prix \u2191<\/option>\n            <option value=\"price-desc\">Prix \u2193<\/option>\n            <option value=\"year-asc\">Ann\u00e9e \u2191<\/option>\n            <option value=\"year-desc\">Ann\u00e9e \u2193<\/option>\n            <option value=\"weight-asc\">Poids \u2191<\/option>\n            <option value=\"weight-desc\">Poids \u2193<\/option>\n            <option value=\"length-asc\">Longueur \u2191<\/option>\n            <option value=\"length-desc\">Longueur \u2193<\/option>\n        <\/select>\n    <\/div>\n<\/div>\n\n\n<div>\n\t<!-- Grille des r\u00e9sultats avec placeholders (squelettes) -->\n\t<div id=\"iso-advanced-search-results\" class=\"showroom-grid\">\n\t\t\t\t<div class=\"skeleton-grid\">\n\t\t\t<div class=\"skeleton-card\">\n\t\t\t\t<div class=\"skeleton-image\"><\/div>\n\t\t\t\t<div class=\"skeleton-content\">\n\t\t\t\t\t<div class=\"skeleton-badge\"><\/div>\n\t\t\t\t\t<div class=\"skeleton-title\"><\/div>\n\t\t\t\t\t<div class=\"skeleton-price\"><\/div>\n\t\t\t\t\t<div class=\"skeleton-specs\">\n\t\t\t\t\t\t<div class=\"skeleton-spec\"><\/div>\n\t\t\t\t\t\t<div class=\"skeleton-spec\"><\/div>\n\t\t\t\t\t\t<div class=\"skeleton-spec\"><\/div>\n\t\t\t\t\t<\/div>\n\t\t\t\t\t<div class=\"skeleton-dealer\"><\/div>\n\t\t\t\t<\/div>\n\t\t\t<\/div>\n\t\t<\/div>\n\t\t\t\t<div class=\"skeleton-grid\">\n\t\t\t<div class=\"skeleton-card\">\n\t\t\t\t<div class=\"skeleton-image\"><\/div>\n\t\t\t\t<div class=\"skeleton-content\">\n\t\t\t\t\t<div class=\"skeleton-badge\"><\/div>\n\t\t\t\t\t<div class=\"skeleton-title\"><\/div>\n\t\t\t\t\t<div class=\"skeleton-price\"><\/div>\n\t\t\t\t\t<div class=\"skeleton-specs\">\n\t\t\t\t\t\t<div class=\"skeleton-spec\"><\/div>\n\t\t\t\t\t\t<div class=\"skeleton-spec\"><\/div>\n\t\t\t\t\t\t<div class=\"skeleton-spec\"><\/div>\n\t\t\t\t\t<\/div>\n\t\t\t\t\t<div class=\"skeleton-dealer\"><\/div>\n\t\t\t\t<\/div>\n\t\t\t<\/div>\n\t\t<\/div>\n\t\t\t\t<div class=\"skeleton-grid\">\n\t\t\t<div class=\"skeleton-card\">\n\t\t\t\t<div class=\"skeleton-image\"><\/div>\n\t\t\t\t<div class=\"skeleton-content\">\n\t\t\t\t\t<div class=\"skeleton-badge\"><\/div>\n\t\t\t\t\t<div class=\"skeleton-title\"><\/div>\n\t\t\t\t\t<div class=\"skeleton-price\"><\/div>\n\t\t\t\t\t<div class=\"skeleton-specs\">\n\t\t\t\t\t\t<div class=\"skeleton-spec\"><\/div>\n\t\t\t\t\t\t<div class=\"skeleton-spec\"><\/div>\n\t\t\t\t\t\t<div class=\"skeleton-spec\"><\/div>\n\t\t\t\t\t<\/div>\n\t\t\t\t\t<div class=\"skeleton-dealer\"><\/div>\n\t\t\t\t<\/div>\n\t\t\t<\/div>\n\t\t<\/div>\n\t\t\t<\/div>\n\n\t<!-- Bouton filtre pour la version mobile -->\n    <button id=\"toggle-filters-mobile\" class=\"showroom-btn-alt\">\n\t\t<svg xmlns=\"http:\/\/www.w3.org\/2000\/svg\" height=\"18\" viewBox=\"0 0 512 512\"><path d=\"M3.9 54.9C10.5 40.9 24.5 32 40 32l432 0c15.5 0 29.5 8.9 36.1 22.9s4.6 30.5-5.2 42.5L320 320.9 320 448c0 12.1-6.8 23.2-17.7 28.6s-23.8 4.3-33.5-3l-64-48c-8.1-6-12.8-15.5-12.8-25.6l0-79.1L9 97.3C-.7 85.4-2.8 68.8 3.9 54.9z\"\/><\/svg>\n\t\tFiltres\t<\/button>\n<\/div>\n\n\n<div id=\"iso-advanced-search-results-loader\" style=\"text-align:center;color:#888;margin:20px;\"><\/div>\n<button id=\"isoBackToTop\" style=\"display: none;\">\u2191 Retour en haut<\/button>\n<\/div>\n\t\t\t\t<\/div>\n\t\t\t\t<\/div>\n\t\t\t\t\t<\/div>\n\t\t\t\t<\/div>\n\t\t\t\t<\/div>\n\t\t","protected":false},"excerpt":{"rendered":"<p>Home Pr\u00eat \u00e0 partir pour votre prochaine aventure en camping ? D\u00e9couvrez nos v\u00e9hicules r\u00e9cr\u00e9atifs d\u00e8s aujourd&rsquo;hui ! Explorez notre impressionnante s\u00e9lection de v\u00e9hicules r\u00e9cr\u00e9atifs (VR) con\u00e7us pour vous faire vivre des aventures inoubliables. Que vous recherchiez le confort d\u2019un spacieux VR motoris\u00e9, l\u2019agilit\u00e9 d\u2019une roulotte, la libert\u00e9 d\u2019un campeur sur camion ou l\u2019espace de [&hellip;]<\/p>\n","protected":false},"author":10,"featured_media":0,"parent":0,"menu_order":0,"comment_status":"closed","ping_status":"closed","template":"","meta":{"footnotes":""},"class_list":["post-131085","page","type-page","status-publish","hentry"],"_links":{"self":[{"href":"https:\/\/rvc-navigator.com\/fr\/wp-json\/wp\/v2\/pages\/131085","targetHints":{"allow":["GET"]}}],"collection":[{"href":"https:\/\/rvc-navigator.com\/fr\/wp-json\/wp\/v2\/pages"}],"about":[{"href":"https:\/\/rvc-navigator.com\/fr\/wp-json\/wp\/v2\/types\/page"}],"author":[{"embeddable":true,"href":"https:\/\/rvc-navigator.com\/fr\/wp-json\/wp\/v2\/users\/10"}],"replies":[{"embeddable":true,"href":"https:\/\/rvc-navigator.com\/fr\/wp-json\/wp\/v2\/comments?post=131085"}],"version-history":[{"count":0,"href":"https:\/\/rvc-navigator.com\/fr\/wp-json\/wp\/v2\/pages\/131085\/revisions"}],"wp:attachment":[{"href":"https:\/\/rvc-navigator.com\/fr\/wp-json\/wp\/v2\/media?parent=131085"}],"curies":[{"name":"wp","href":"https:\/\/api.w.org\/{rel}","templated":true}]}}