{"id":45641,"date":"2024-03-19T07:54:26","date_gmt":"2024-03-19T12:54:26","guid":{"rendered":"https:\/\/rvc-navigator.com\/ressource-mode-de-vie\/"},"modified":"2024-04-09T12:36:35","modified_gmt":"2024-04-09T18:36:35","slug":"guide-achat-vr","status":"publish","type":"page","link":"https:\/\/rvc-navigator.com\/fr\/guide-achat-vr\/","title":{"rendered":"FR RV Buyer&rsquo;s Guide"},"content":{"rendered":"\t\t<div data-elementor-type=\"wp-page\" data-elementor-id=\"45641\" class=\"elementor elementor-45641 elementor-45635\" data-elementor-post-type=\"page\">\n\t\t\t\t<div class=\"elementor-element elementor-element-0d9db32 e-flex e-con-boxed e-con e-parent\" data-id=\"0d9db32\" data-element_type=\"container\" data-settings=\"{&quot;background_background&quot;:&quot;classic&quot;,&quot;jet_parallax_layout_list&quot;:[]}\">\n\t\t\t\t\t<div class=\"e-con-inner\">\n\t\t<div class=\"elementor-element elementor-element-d47aef4 e-con-full e-flex e-con e-child\" data-id=\"d47aef4\" data-element_type=\"container\" data-settings=\"{&quot;jet_parallax_layout_list&quot;:[]}\">\n\t\t\t\t<div class=\"elementor-element elementor-element-b3e43cd elementor-widget elementor-widget-heading\" data-id=\"b3e43cd\" data-element_type=\"widget\" data-widget_type=\"heading.default\">\n\t\t\t\t<div class=\"elementor-widget-container\">\n\t\t\t<h1 class=\"elementor-heading-title elementor-size-default\">Guide d'achat de VR<\/h1>\t\t<\/div>\n\t\t\t\t<\/div>\n\t\t\t\t<div class=\"elementor-element elementor-element-5c86e27 elementor-widget elementor-widget-text-editor\" data-id=\"5c86e27\" data-element_type=\"widget\" data-widget_type=\"text-editor.default\">\n\t\t\t\t<div class=\"elementor-widget-container\">\n\t\t\t\t\t\t\t<p>L&rsquo;aventure vous attend : embarquez pour votre voyage en VR !<\/p>\n\t\t\t\t\t\t<\/div>\n\t\t\t\t<\/div>\n\t\t\t\t<\/div>\n\t\t\t\t\t<\/div>\n\t\t\t\t<\/div>\n\t\t<div class=\"elementor-element elementor-element-5ac0b7f e-flex e-con-boxed e-con e-parent\" data-id=\"5ac0b7f\" data-element_type=\"container\" data-settings=\"{&quot;jet_parallax_layout_list&quot;:[]}\">\n\t\t\t\t\t<div class=\"e-con-inner\">\n\t\t<div class=\"elementor-element elementor-element-2452ef0 e-con-full e-flex e-con e-child\" data-id=\"2452ef0\" data-element_type=\"container\" data-settings=\"{&quot;background_background&quot;:&quot;classic&quot;,&quot;jet_parallax_layout_list&quot;:[]}\">\n\t\t<div class=\"elementor-element elementor-element-5a3bd84 e-con-full e-flex e-con e-child\" data-id=\"5a3bd84\" data-element_type=\"container\" data-settings=\"{&quot;jet_parallax_layout_list&quot;:[],&quot;background_background&quot;:&quot;classic&quot;}\">\n\t\t\t\t<div class=\"elementor-element elementor-element-2ece66a elementor-invisible elementor-widget elementor-widget-image\" data-id=\"2ece66a\" data-element_type=\"widget\" data-settings=\"{&quot;_animation&quot;:&quot;fadeInDown&quot;,&quot;_animation_delay&quot;:200}\" data-widget_type=\"image.default\">\n\t\t\t\t<div class=\"elementor-widget-container\">\n\t\t\t\t\t\t\t\t\t\t\t\t\t\t<a href=\"\/fr\/guide-achat-vr\/neuf-ou-usage\/sed\/\">\n\t\t\t\t\t\t\t<img fetchpriority=\"high\" decoding=\"async\" width=\"500\" height=\"242\" src=\"https:\/\/rvc-navigator.com\/wp-content\/uploads\/2024\/03\/New-or-Pre-Owned-menu-500px-v2.png\" class=\"attachment-full size-full wp-image-46695\" alt=\"\" srcset=\"https:\/\/rvc-navigator.com\/wp-content\/uploads\/2024\/03\/New-or-Pre-Owned-menu-500px-v2.png 500w, https:\/\/rvc-navigator.com\/wp-content\/uploads\/2024\/03\/New-or-Pre-Owned-menu-500px-v2-300x145.png 300w\" sizes=\"(max-width: 500px) 100vw, 500px\" \/>\t\t\t\t\t\t\t\t<\/a>\n\t\t\t\t\t\t\t\t\t\t\t\t\t<\/div>\n\t\t\t\t<\/div>\n\t\t\t\t<div class=\"elementor-element elementor-element-e53a3f2 elementor-widget elementor-widget-heading\" data-id=\"e53a3f2\" data-element_type=\"widget\" data-widget_type=\"heading.default\">\n\t\t\t\t<div class=\"elementor-widget-container\">\n\t\t\t<p class=\"elementor-heading-title elementor-size-default\">VR Neuf <br>ou VR Usag\u00e9<\/p>\t\t<\/div>\n\t\t\t\t<\/div>\n\t\t<div class=\"elementor-element elementor-element-92d9feb e-flex e-con-boxed e-con e-child\" data-id=\"92d9feb\" data-element_type=\"container\" data-settings=\"{&quot;jet_parallax_layout_list&quot;:[]}\">\n\t\t\t\t\t<div class=\"e-con-inner\">\n\t\t\t\t<div class=\"elementor-element elementor-element-8be0adf elementor-widget elementor-widget-text-editor\" data-id=\"8be0adf\" data-element_type=\"widget\" data-widget_type=\"text-editor.default\">\n\t\t\t\t<div class=\"elementor-widget-container\">\n\t\t\t\t\t\t\t<p>Si vous \u00eates novice en mati\u00e8re de VR, un v\u00e9hicule d&rsquo;occasion peut vous faire \u00e9conomiser des milliers de dollars par rapport \u00e0 un v\u00e9hicule neuf ; toutefois, des probl\u00e8mes d&rsquo;entretien co\u00fbteux qui ne sont plus couverts par la garantie sont possibles.<\/p><p>En revanche, un appareil neuf, bien que nettement plus cher, est couvert par les garanties du fabricant et s&rsquo;accompagne souvent d&rsquo;options de financement int\u00e9ressantes, ce qui le rend beaucoup plus abordable.<\/p>\t\t\t\t\t\t<\/div>\n\t\t\t\t<\/div>\n\t\t\t\t\t<\/div>\n\t\t\t\t<\/div>\n\t\t\t\t<div class=\"elementor-element elementor-element-1a4ae20 elementor-widget__width-inherit elementor-widget elementor-widget-jet-button\" data-id=\"1a4ae20\" data-element_type=\"widget\" data-widget_type=\"jet-button.default\">\n\t\t\t\t<div class=\"elementor-widget-container\">\n\t\t\t<div class=\"elementor-jet-button jet-elements\"><div class=\"jet-button__container\">\n\t<a class=\"jet-button__instance jet-button__instance--icon-left hover-effect-4\" href=\"\/fr\/guide-achat-vr\/neuf-ou-usage\/\">\n\t\t<div class=\"jet-button__plane jet-button__plane-normal\"><\/div>\n\t\t<div class=\"jet-button__plane jet-button__plane-hover\"><\/div>\n\t\t<div class=\"jet-button__state jet-button__state-normal\">\n\t\t\t<span class=\"jet-button__label\">En savoir plus<\/span>\t\t<\/div>\n\t\t<div class=\"jet-button__state jet-button__state-hover\">\n\t\t\t<span class=\"jet-button__icon jet-elements-icon\"><svg aria-hidden=\"true\" class=\"e-font-icon-svg e-fas-caret-right\" viewBox=\"0 0 192 512\" xmlns=\"http:\/\/www.w3.org\/2000\/svg\"><path d=\"M0 384.662V127.338c0-17.818 21.543-26.741 34.142-14.142l128.662 128.662c7.81 7.81 7.81 20.474 0 28.284L34.142 398.804C21.543 411.404 0 402.48 0 384.662z\"><\/path><\/svg><\/span><span class=\"jet-button__label\">Allons-y<\/span>\t\t<\/div>\n\t<\/a>\n<\/div>\n<\/div>\t\t<\/div>\n\t\t\t\t<\/div>\n\t\t\t\t<\/div>\n\t\t<div class=\"elementor-element elementor-element-ae513a7 e-con-full e-flex e-con e-child\" data-id=\"ae513a7\" data-element_type=\"container\" data-settings=\"{&quot;jet_parallax_layout_list&quot;:[],&quot;background_background&quot;:&quot;classic&quot;}\">\n\t\t\t\t<div class=\"elementor-element elementor-element-84ff726 elementor-invisible elementor-widget elementor-widget-image\" data-id=\"84ff726\" data-element_type=\"widget\" data-settings=\"{&quot;_animation&quot;:&quot;fadeInDown&quot;,&quot;_animation_delay&quot;:400}\" data-widget_type=\"image.default\">\n\t\t\t\t<div class=\"elementor-widget-container\">\n\t\t\t\t\t\t\t\t\t\t\t\t\t\t<a href=\"\/fr\/guide-achat-vr\/est-ce-que-ce-type-de-vie-me-convient\/\">\n\t\t\t\t\t\t\t<img decoding=\"async\" width=\"500\" height=\"242\" src=\"https:\/\/rvc-navigator.com\/wp-content\/uploads\/2024\/03\/To-RV-or-Not-500px.png\" class=\"attachment-full size-full wp-image-45879\" alt=\"\" srcset=\"https:\/\/rvc-navigator.com\/wp-content\/uploads\/2024\/03\/To-RV-or-Not-500px.png 500w, https:\/\/rvc-navigator.com\/wp-content\/uploads\/2024\/03\/To-RV-or-Not-500px-300x145.png 300w\" sizes=\"(max-width: 500px) 100vw, 500px\" \/>\t\t\t\t\t\t\t\t<\/a>\n\t\t\t\t\t\t\t\t\t\t\t\t\t<\/div>\n\t\t\t\t<\/div>\n\t\t\t\t<div class=\"elementor-element elementor-element-0b7e644 elementor-widget elementor-widget-heading\" data-id=\"0b7e644\" data-element_type=\"widget\" data-widget_type=\"heading.default\">\n\t\t\t\t<div class=\"elementor-widget-container\">\n\t\t\t<p class=\"elementor-heading-title elementor-size-default\">Faire ou <br>Ne pas faire du VR<\/p>\t\t<\/div>\n\t\t\t\t<\/div>\n\t\t<div class=\"elementor-element elementor-element-b2eaec7 e-flex e-con-boxed e-con e-child\" data-id=\"b2eaec7\" data-element_type=\"container\" data-settings=\"{&quot;jet_parallax_layout_list&quot;:[]}\">\n\t\t\t\t\t<div class=\"e-con-inner\">\n\t\t\t\t<div class=\"elementor-element elementor-element-bdb27a0 elementor-widget elementor-widget-text-editor\" data-id=\"bdb27a0\" data-element_type=\"widget\" data-widget_type=\"text-editor.default\">\n\t\t\t\t<div class=\"elementor-widget-container\">\n\t\t\t\t\t\t\t<p>Se promener ou ne pas se promener, telle est la question. Peut-\u00eatre avez-vous r\u00eav\u00e9 d&rsquo;une vie sur roues et aimeriez-vous convaincre votre moiti\u00e9, qui est encore ind\u00e9cise, de vous rejoindre dans l&rsquo;aventure.<\/p><p>Heureusement, nous avons dress\u00e9 une liste des 10 principales raisons pour lesquelles tant de gens choisissent le mode de vie en VR, afin de vous aider \u00e0 convaincre votre compagnon de voyage.<\/p>\t\t\t\t\t\t<\/div>\n\t\t\t\t<\/div>\n\t\t\t\t\t<\/div>\n\t\t\t\t<\/div>\n\t\t\t\t<div class=\"elementor-element elementor-element-c65af19 elementor-widget__width-inherit elementor-widget elementor-widget-jet-button\" data-id=\"c65af19\" data-element_type=\"widget\" data-widget_type=\"jet-button.default\">\n\t\t\t\t<div class=\"elementor-widget-container\">\n\t\t\t<div class=\"elementor-jet-button jet-elements\"><div class=\"jet-button__container\">\n\t<a class=\"jet-button__instance jet-button__instance--icon-left hover-effect-4\" href=\"\/fr\/guide-achat-vr\/est-ce-que-ce-type-de-vie-me-convient\/\">\n\t\t<div class=\"jet-button__plane jet-button__plane-normal\"><\/div>\n\t\t<div class=\"jet-button__plane jet-button__plane-hover\"><\/div>\n\t\t<div class=\"jet-button__state jet-button__state-normal\">\n\t\t\t<span class=\"jet-button__label\">En savoir plus<\/span>\t\t<\/div>\n\t\t<div class=\"jet-button__state jet-button__state-hover\">\n\t\t\t<span class=\"jet-button__icon jet-elements-icon\"><svg aria-hidden=\"true\" class=\"e-font-icon-svg e-fas-caret-right\" viewBox=\"0 0 192 512\" xmlns=\"http:\/\/www.w3.org\/2000\/svg\"><path d=\"M0 384.662V127.338c0-17.818 21.543-26.741 34.142-14.142l128.662 128.662c7.81 7.81 7.81 20.474 0 28.284L34.142 398.804C21.543 411.404 0 402.48 0 384.662z\"><\/path><\/svg><\/span><span class=\"jet-button__label\">Allons-y<\/span>\t\t<\/div>\n\t<\/a>\n<\/div>\n<\/div>\t\t<\/div>\n\t\t\t\t<\/div>\n\t\t\t\t<\/div>\n\t\t<div class=\"elementor-element elementor-element-e7a3313 e-con-full e-flex e-con e-child\" data-id=\"e7a3313\" data-element_type=\"container\" data-settings=\"{&quot;jet_parallax_layout_list&quot;:[],&quot;background_background&quot;:&quot;classic&quot;}\">\n\t\t\t\t<div class=\"elementor-element elementor-element-758b4aa elementor-invisible elementor-widget elementor-widget-image\" data-id=\"758b4aa\" data-element_type=\"widget\" data-settings=\"{&quot;_animation&quot;:&quot;fadeInDown&quot;,&quot;_animation_delay&quot;:600}\" data-widget_type=\"image.default\">\n\t\t\t\t<div class=\"elementor-widget-container\">\n\t\t\t\t\t\t\t\t\t\t\t\t\t\t<a href=\"\/fr\/guide-achat-vr\/magasiner-un-vr-usage\/\">\n\t\t\t\t\t\t\t<img decoding=\"async\" width=\"500\" height=\"242\" src=\"https:\/\/rvc-navigator.com\/wp-content\/uploads\/2024\/03\/Shopping-for-a-Pre-Owned-RV-500px-v2.png\" class=\"attachment-full size-full wp-image-46696\" alt=\"\" srcset=\"https:\/\/rvc-navigator.com\/wp-content\/uploads\/2024\/03\/Shopping-for-a-Pre-Owned-RV-500px-v2.png 500w, https:\/\/rvc-navigator.com\/wp-content\/uploads\/2024\/03\/Shopping-for-a-Pre-Owned-RV-500px-v2-300x145.png 300w\" sizes=\"(max-width: 500px) 100vw, 500px\" \/>\t\t\t\t\t\t\t\t<\/a>\n\t\t\t\t\t\t\t\t\t\t\t\t\t<\/div>\n\t\t\t\t<\/div>\n\t\t\t\t<div class=\"elementor-element elementor-element-8524a02 elementor-widget elementor-widget-heading\" data-id=\"8524a02\" data-element_type=\"widget\" data-widget_type=\"heading.default\">\n\t\t\t\t<div class=\"elementor-widget-container\">\n\t\t\t<p class=\"elementor-heading-title elementor-size-default\">Magasiner <br>Un VR usag\u00e9<\/p>\t\t<\/div>\n\t\t\t\t<\/div>\n\t\t<div class=\"elementor-element elementor-element-bdcb729 e-flex e-con-boxed e-con e-child\" data-id=\"bdcb729\" data-element_type=\"container\" data-settings=\"{&quot;jet_parallax_layout_list&quot;:[]}\">\n\t\t\t\t\t<div class=\"e-con-inner\">\n\t\t\t\t<div class=\"elementor-element elementor-element-811aa97 elementor-widget elementor-widget-text-editor\" data-id=\"811aa97\" data-element_type=\"widget\" data-widget_type=\"text-editor.default\">\n\t\t\t\t<div class=\"elementor-widget-container\">\n\t\t\t\t\t\t\t<p>Ces vid\u00e9os de voyage vous font envie ? Vous avez parcouru d&rsquo;innombrables publications Facebook d&rsquo;autres personnes s&rsquo;abreuvant de la beaut\u00e9 d&rsquo;un nouveau paysage majestueux ? Vous avez discut\u00e9 avec des amis (et des amis d&rsquo;amis !) qui vivent d\u00e9j\u00e0 l&rsquo;aventure ?  <\/p>\n<p>Vous \u00eates enthousiaste et vous voulez participer. La meilleure fa\u00e7on de commencer est peut-\u00eatre d&rsquo;acheter un VR usag\u00e9. Ne vous inqui\u00e9tez pas, nous pouvons vous guider tout au long du processus.   <\/p>\n\t\t\t\t\t\t<\/div>\n\t\t\t\t<\/div>\n\t\t\t\t\t<\/div>\n\t\t\t\t<\/div>\n\t\t\t\t<div class=\"elementor-element elementor-element-b14f7f1 elementor-widget__width-inherit elementor-widget elementor-widget-jet-button\" data-id=\"b14f7f1\" data-element_type=\"widget\" data-widget_type=\"jet-button.default\">\n\t\t\t\t<div class=\"elementor-widget-container\">\n\t\t\t<div class=\"elementor-jet-button jet-elements\"><div class=\"jet-button__container\">\n\t<a class=\"jet-button__instance jet-button__instance--icon-left hover-effect-4\" href=\"\/fr\/guide-achat-vr\/magasiner-un-vr-usage\/\">\n\t\t<div class=\"jet-button__plane jet-button__plane-normal\"><\/div>\n\t\t<div class=\"jet-button__plane jet-button__plane-hover\"><\/div>\n\t\t<div class=\"jet-button__state jet-button__state-normal\">\n\t\t\t<span class=\"jet-button__label\">En savoir plus<\/span>\t\t<\/div>\n\t\t<div class=\"jet-button__state jet-button__state-hover\">\n\t\t\t<span class=\"jet-button__icon jet-elements-icon\"><svg aria-hidden=\"true\" class=\"e-font-icon-svg e-fas-caret-right\" viewBox=\"0 0 192 512\" xmlns=\"http:\/\/www.w3.org\/2000\/svg\"><path d=\"M0 384.662V127.338c0-17.818 21.543-26.741 34.142-14.142l128.662 128.662c7.81 7.81 7.81 20.474 0 28.284L34.142 398.804C21.543 411.404 0 402.48 0 384.662z\"><\/path><\/svg><\/span><span class=\"jet-button__label\">Allons-y<\/span>\t\t<\/div>\n\t<\/a>\n<\/div>\n<\/div>\t\t<\/div>\n\t\t\t\t<\/div>\n\t\t\t\t<\/div>\n\t\t<div class=\"elementor-element elementor-element-a837273 e-con-full e-flex e-con e-child\" data-id=\"a837273\" data-element_type=\"container\" data-settings=\"{&quot;jet_parallax_layout_list&quot;:[],&quot;background_background&quot;:&quot;classic&quot;}\">\n\t\t\t\t<div class=\"elementor-element elementor-element-7d73ccc elementor-invisible elementor-widget elementor-widget-image\" data-id=\"7d73ccc\" data-element_type=\"widget\" data-settings=\"{&quot;_animation&quot;:&quot;fadeInDown&quot;,&quot;_animation_delay&quot;:800}\" data-widget_type=\"image.default\">\n\t\t\t\t<div class=\"elementor-widget-container\">\n\t\t\t\t\t\t\t\t\t\t\t\t\t\t<a href=\"\/fr\/guide-achat-vr\/comparer-les-differents-types-de-vr\/\">\n\t\t\t\t\t\t\t<img loading=\"lazy\" decoding=\"async\" width=\"500\" height=\"242\" src=\"https:\/\/rvc-navigator.com\/wp-content\/uploads\/2024\/03\/Compare-different-RV-Types-500px.png\" class=\"attachment-full size-full wp-image-45873\" alt=\"\" srcset=\"https:\/\/rvc-navigator.com\/wp-content\/uploads\/2024\/03\/Compare-different-RV-Types-500px.png 500w, https:\/\/rvc-navigator.com\/wp-content\/uploads\/2024\/03\/Compare-different-RV-Types-500px-300x145.png 300w\" sizes=\"(max-width: 500px) 100vw, 500px\" \/>\t\t\t\t\t\t\t\t<\/a>\n\t\t\t\t\t\t\t\t\t\t\t\t\t<\/div>\n\t\t\t\t<\/div>\n\t\t\t\t<div class=\"elementor-element elementor-element-9743988 elementor-widget elementor-widget-heading\" data-id=\"9743988\" data-element_type=\"widget\" data-widget_type=\"heading.default\">\n\t\t\t\t<div class=\"elementor-widget-container\">\n\t\t\t<p class=\"elementor-heading-title elementor-size-default\">Les diff\u00e9rents <br>Types de VR<\/p>\t\t<\/div>\n\t\t\t\t<\/div>\n\t\t<div class=\"elementor-element elementor-element-3bb38fa e-flex e-con-boxed e-con e-child\" data-id=\"3bb38fa\" data-element_type=\"container\" data-settings=\"{&quot;jet_parallax_layout_list&quot;:[]}\">\n\t\t\t\t\t<div class=\"e-con-inner\">\n\t\t\t\t<div class=\"elementor-element elementor-element-4f0953c elementor-widget elementor-widget-text-editor\" data-id=\"4f0953c\" data-element_type=\"widget\" data-widget_type=\"text-editor.default\">\n\t\t\t\t<div class=\"elementor-widget-container\">\n\t\t\t\t\t\t\t<p>La vie en VR vous attire, mais une question persiste : combien cela co\u00fbtera-t-il ? Une fa\u00e7on de commencer est d&rsquo;explorer les diff\u00e9rents types de v\u00e9hicules r\u00e9cr\u00e9atifs. <\/p>\n<p>En vous renseignant sur les diff\u00e9rentes cat\u00e9gories de VR motoris\u00e9s et de roulottes, vous pourrez vous faire une id\u00e9e des prix et des \u00e9quipements. Avant m\u00eame de vous en rendre compte, vous roulerez sur l&rsquo;autoroute vers l&rsquo;aventure en VR ! <\/p>\n\t\t\t\t\t\t<\/div>\n\t\t\t\t<\/div>\n\t\t\t\t\t<\/div>\n\t\t\t\t<\/div>\n\t\t\t\t<div class=\"elementor-element elementor-element-37147a8 elementor-widget__width-inherit elementor-widget elementor-widget-jet-button\" data-id=\"37147a8\" data-element_type=\"widget\" data-widget_type=\"jet-button.default\">\n\t\t\t\t<div class=\"elementor-widget-container\">\n\t\t\t<div class=\"elementor-jet-button jet-elements\"><div class=\"jet-button__container\">\n\t<a class=\"jet-button__instance jet-button__instance--icon-left hover-effect-4\" href=\"\/fr\/guide-achat-vr\/comparer-les-differents-types-de-vr\/\">\n\t\t<div class=\"jet-button__plane jet-button__plane-normal\"><\/div>\n\t\t<div class=\"jet-button__plane jet-button__plane-hover\"><\/div>\n\t\t<div class=\"jet-button__state jet-button__state-normal\">\n\t\t\t<span class=\"jet-button__label\">En savoir plus<\/span>\t\t<\/div>\n\t\t<div class=\"jet-button__state jet-button__state-hover\">\n\t\t\t<span class=\"jet-button__icon jet-elements-icon\"><svg aria-hidden=\"true\" class=\"e-font-icon-svg e-fas-caret-right\" viewBox=\"0 0 192 512\" xmlns=\"http:\/\/www.w3.org\/2000\/svg\"><path d=\"M0 384.662V127.338c0-17.818 21.543-26.741 34.142-14.142l128.662 128.662c7.81 7.81 7.81 20.474 0 28.284L34.142 398.804C21.543 411.404 0 402.48 0 384.662z\"><\/path><\/svg><\/span><span class=\"jet-button__label\">Allons-y<\/span>\t\t<\/div>\n\t<\/a>\n<\/div>\n<\/div>\t\t<\/div>\n\t\t\t\t<\/div>\n\t\t\t\t<\/div>\n\t\t\t\t<\/div>\n\t\t\t\t\t<\/div>\n\t\t\t\t<\/div>\n\t\t\t\t<\/div>\n\t\t","protected":false},"excerpt":{"rendered":"<p>Guide d&rsquo;achat de VR L&rsquo;aventure vous attend : embarquez pour votre voyage en VR ! VR Neuf ou VR Usag\u00e9 Si vous \u00eates novice en mati\u00e8re de VR, un v\u00e9hicule d&rsquo;occasion peut vous faire \u00e9conomiser des milliers de dollars par rapport \u00e0 un v\u00e9hicule neuf ; toutefois, des probl\u00e8mes d&rsquo;entretien co\u00fbteux qui ne sont plus [&hellip;]<\/p>\n","protected":false},"author":1,"featured_media":0,"parent":0,"menu_order":0,"comment_status":"closed","ping_status":"closed","template":"","meta":{"footnotes":""},"class_list":["post-45641","page","type-page","status-publish","hentry"],"_links":{"self":[{"href":"https:\/\/rvc-navigator.com\/fr\/wp-json\/wp\/v2\/pages\/45641","targetHints":{"allow":["GET"]}}],"collection":[{"href":"https:\/\/rvc-navigator.com\/fr\/wp-json\/wp\/v2\/pages"}],"about":[{"href":"https:\/\/rvc-navigator.com\/fr\/wp-json\/wp\/v2\/types\/page"}],"author":[{"embeddable":true,"href":"https:\/\/rvc-navigator.com\/fr\/wp-json\/wp\/v2\/users\/1"}],"replies":[{"embeddable":true,"href":"https:\/\/rvc-navigator.com\/fr\/wp-json\/wp\/v2\/comments?post=45641"}],"version-history":[{"count":0,"href":"https:\/\/rvc-navigator.com\/fr\/wp-json\/wp\/v2\/pages\/45641\/revisions"}],"wp:attachment":[{"href":"https:\/\/rvc-navigator.com\/fr\/wp-json\/wp\/v2\/media?parent=45641"}],"curies":[{"name":"wp","href":"https:\/\/api.w.org\/{rel}","templated":true}]}}