{"id":47361,"date":"2024-03-28T08:38:40","date_gmt":"2024-03-28T12:38:40","guid":{"rendered":"https:\/\/rvc-navigator.com\/fr-about-us\/"},"modified":"2024-04-05T15:45:15","modified_gmt":"2024-04-05T20:45:15","slug":"a-propos","status":"publish","type":"page","link":"https:\/\/rvc-navigator.com\/fr\/a-propos\/","title":{"rendered":"FR About Us"},"content":{"rendered":"\t\t<div data-elementor-type=\"wp-page\" data-elementor-id=\"47361\" class=\"elementor elementor-47361 elementor-46395\" data-elementor-post-type=\"page\">\n\t\t\t\t<div class=\"elementor-element elementor-element-52c5c5b e-flex e-con-boxed e-con e-parent\" data-id=\"52c5c5b\" data-element_type=\"container\" data-settings=\"{&quot;background_background&quot;:&quot;classic&quot;,&quot;jet_parallax_layout_list&quot;:[]}\">\n\t\t\t\t\t<div class=\"e-con-inner\">\n\t\t<div class=\"elementor-element elementor-element-87b79d4 e-con-full e-flex e-con e-child\" data-id=\"87b79d4\" data-element_type=\"container\" data-settings=\"{&quot;jet_parallax_layout_list&quot;:[]}\">\n\t\t\t\t<div class=\"elementor-element elementor-element-35bcafc elementor-widget elementor-widget-heading\" data-id=\"35bcafc\" data-element_type=\"widget\" data-widget_type=\"heading.default\">\n\t\t\t\t<div class=\"elementor-widget-container\">\n\t\t\t<h1 class=\"elementor-heading-title elementor-size-default\">Qui est <br>RVC Navigator<\/h1>\t\t<\/div>\n\t\t\t\t<\/div>\n\t\t\t\t<div class=\"elementor-element elementor-element-db2440d elementor-widget elementor-widget-text-editor\" data-id=\"db2440d\" data-element_type=\"widget\" data-widget_type=\"text-editor.default\">\n\t\t\t\t<div class=\"elementor-widget-container\">\n\t\t\t\t\t\t\t<p>Appartenant \u00e0 100% au RV Care Network Ltd, approuv\u00e9 par plus de 80 membres concessionnaires RV Care.<\/p>\n\t\t\t\t\t\t<\/div>\n\t\t\t\t<\/div>\n\t\t\t\t<\/div>\n\t\t<div class=\"elementor-element elementor-element-8315bcd e-con-full e-flex e-con e-child\" data-id=\"8315bcd\" data-element_type=\"container\" data-settings=\"{&quot;jet_parallax_layout_list&quot;:[]}\">\n\t\t\t\t<div class=\"elementor-element elementor-element-537f641 elementor-invisible elementor-widget elementor-widget-image\" data-id=\"537f641\" data-element_type=\"widget\" data-settings=\"{&quot;_animation&quot;:&quot;fadeInRight&quot;}\" data-widget_type=\"image.default\">\n\t\t\t\t<div class=\"elementor-widget-container\">\n\t\t\t\t\t\t\t\t\t\t\t\t\t\t<a href=\"https:\/\/rvcare.ca\/fr\/\" target=\"_blank\">\n\t\t\t\t\t\t\t<img fetchpriority=\"high\" decoding=\"async\" width=\"300\" height=\"300\" src=\"https:\/\/rvc-navigator.com\/wp-content\/uploads\/2023\/10\/logo-rvcare-en.svg\" class=\"attachment-full size-full wp-image-21168\" alt=\"\" \/>\t\t\t\t\t\t\t\t<\/a>\n\t\t\t\t\t\t\t\t\t\t\t\t\t<\/div>\n\t\t\t\t<\/div>\n\t\t\t\t<\/div>\n\t\t\t\t\t<\/div>\n\t\t\t\t<\/div>\n\t\t<div class=\"elementor-element elementor-element-882befe e-flex e-con-boxed e-con e-parent\" data-id=\"882befe\" data-element_type=\"container\" data-settings=\"{&quot;jet_parallax_layout_list&quot;:[]}\">\n\t\t\t\t\t<div class=\"e-con-inner\">\n\t\t\t\t<div class=\"elementor-element elementor-element-d92b392 elementor-widget-divider--separator-type-pattern elementor-widget-divider--view-line elementor-widget elementor-widget-divider\" data-id=\"d92b392\" data-element_type=\"widget\" data-widget_type=\"divider.default\">\n\t\t\t\t<div class=\"elementor-widget-container\">\n\t\t\t\t\t<div class=\"elementor-divider\" style=\"--divider-pattern-url: url(&quot;data:image\/svg+xml,%3Csvg xmlns=&#039;http:\/\/www.w3.org\/2000\/svg&#039; preserveAspectRatio=&#039;none&#039; overflow=&#039;visible&#039; height=&#039;100%&#039; viewBox=&#039;0 0 20 16&#039; fill=&#039;none&#039; stroke=&#039;black&#039; stroke-width=&#039;1&#039; stroke-linecap=&#039;square&#039; stroke-miterlimit=&#039;10&#039;%3E%3Cg transform=&#039;translate(-12.000000, 0)&#039;%3E%3Cpath d=&#039;M28,0L10,18&#039;\/%3E%3Cpath d=&#039;M18,0L0,18&#039;\/%3E%3Cpath d=&#039;M48,0L30,18&#039;\/%3E%3Cpath d=&#039;M38,0L20,18&#039;\/%3E%3C\/g%3E%3C\/svg%3E&quot;);\">\n\t\t\t<span class=\"elementor-divider-separator\">\n\t\t\t\t\t\t<\/span>\n\t\t<\/div>\n\t\t\t\t<\/div>\n\t\t\t\t<\/div>\n\t\t\t\t<div class=\"elementor-element elementor-element-402bc3c elementor-widget elementor-widget-heading\" data-id=\"402bc3c\" data-element_type=\"widget\" data-widget_type=\"heading.default\">\n\t\t\t\t<div class=\"elementor-widget-container\">\n\t\t\t<h2 class=\"elementor-heading-title elementor-size-default\">C'est ici que commence votre voyage. <br>Laissez-nous vous guider.<\/h2>\t\t<\/div>\n\t\t\t\t<\/div>\n\t\t\t\t<div class=\"elementor-element elementor-element-99522d9 elementor-widget elementor-widget-text-editor\" data-id=\"99522d9\" data-element_type=\"widget\" data-widget_type=\"text-editor.default\">\n\t\t\t\t<div class=\"elementor-widget-container\">\n\t\t\t\t\t\t\t<p>Le R\u00e9seau RV Care en est \u00e0 sa 25e ann\u00e9e au service de l\u2019industrie canadienne des v\u00e9hicules r\u00e9cr\u00e9atifs. \u00c0 l\u2019heure actuelle, notre r\u00e9seau compte plus de 80 concessionnaires membres dans tout le Canada. <\/p>\n\t\t\t\t\t\t<\/div>\n\t\t\t\t<\/div>\n\t\t\t\t<div class=\"elementor-element elementor-element-8929740 elementor-widget elementor-widget-text-editor\" data-id=\"8929740\" data-element_type=\"widget\" data-widget_type=\"text-editor.default\">\n\t\t\t\t<div class=\"elementor-widget-container\">\n\t\t\t\t\t\t\t<p>Chaque concessionnaire doit adh\u00e9rer \u00e0 notre MISSION, en devenant \u00ab l\u2019autorit\u00e9 reconnue et digne de confiance dans le paysage canadien du VR \u00bb. Notre progression nous a amen\u00e9s \u00e0 cr\u00e9er une plateforme transactionnelle o\u00f9 chaque concessionnaire RV Care peut \u00e9num\u00e9rer et pr\u00e9senter une quantit\u00e9 s\u00e9lectionn\u00e9e de VR neufs et d\u2019occasion qui sont disponibles dans leur magasin. Cela facilitera la navigation des futurs propri\u00e9taires de VR qui atterrissent sur notre site qui fait SEULEMENT la promotion des VR, qui fait la promotion du style de vie en VR, qui fait SEULEMENT la promotion et l\u2019endossement des concessionnaires membres de RV Care et des AVANTAGES EXCLUSIFS ax\u00e9s sur les clients de notre r\u00e9seau.  <\/p>\n\t\t\t\t\t\t<\/div>\n\t\t\t\t<\/div>\n\t\t<div class=\"elementor-element elementor-element-378ec05 e-flex e-con-boxed e-con e-child\" data-id=\"378ec05\" data-element_type=\"container\" data-settings=\"{&quot;jet_parallax_layout_list&quot;:[]}\">\n\t\t\t\t\t<div class=\"e-con-inner\">\n\t\t<div class=\"elementor-element elementor-element-781eeb8 e-flex e-con-boxed e-con e-child\" data-id=\"781eeb8\" data-element_type=\"container\" data-settings=\"{&quot;jet_parallax_layout_list&quot;:[]}\">\n\t\t\t\t\t<div class=\"e-con-inner\">\n\t\t\t\t<div class=\"elementor-element elementor-element-bf81732 elementor-invisible elementor-widget elementor-widget-image\" data-id=\"bf81732\" data-element_type=\"widget\" data-settings=\"{&quot;_animation&quot;:&quot;fadeInUp&quot;}\" data-widget_type=\"image.default\">\n\t\t\t\t<div class=\"elementor-widget-container\">\n\t\t\t\t\t\t\t\t\t\t\t\t\t<img decoding=\"async\" width=\"720\" height=\"392\" src=\"https:\/\/rvc-navigator.com\/wp-content\/uploads\/2024\/03\/RV-Care-map.png\" class=\"attachment-full size-full wp-image-47362\" alt=\"\" srcset=\"https:\/\/rvc-navigator.com\/wp-content\/uploads\/2024\/03\/RV-Care-map.png 720w, https:\/\/rvc-navigator.com\/wp-content\/uploads\/2024\/03\/RV-Care-map-300x163.png 300w\" sizes=\"(max-width: 720px) 100vw, 720px\" \/>\t\t\t\t\t\t\t\t\t\t\t\t\t<\/div>\n\t\t\t\t<\/div>\n\t\t\t\t\t<\/div>\n\t\t\t\t<\/div>\n\t\t<div class=\"elementor-element elementor-element-a31ba7e e-flex e-con-boxed e-con e-child\" data-id=\"a31ba7e\" data-element_type=\"container\" data-settings=\"{&quot;background_background&quot;:&quot;classic&quot;,&quot;jet_parallax_layout_list&quot;:[]}\">\n\t\t\t\t\t<div class=\"e-con-inner\">\n\t\t\t\t<div class=\"elementor-element elementor-element-4ded4d3 elementor-widget elementor-widget-heading\" data-id=\"4ded4d3\" data-element_type=\"widget\" data-widget_type=\"heading.default\">\n\t\t\t\t<div class=\"elementor-widget-container\">\n\t\t\t<h2 class=\"elementor-heading-title elementor-size-default\">Nous sommes tr\u00e8s FIER de mettre \u00e0 disposition le RVC NAVIGATOR . <\/h2>\t\t<\/div>\n\t\t\t\t<\/div>\n\t\t\t\t<div class=\"elementor-element elementor-element-4f9765a elementor-widget elementor-widget-text-editor\" data-id=\"4f9765a\" data-element_type=\"widget\" data-widget_type=\"text-editor.default\">\n\t\t\t\t<div class=\"elementor-widget-container\">\n\t\t\t\t\t\t\t<p>Le RVC Navigator appartient \u00e0 100% au RV Care Network Ltd, il est con\u00e7u et g\u00e9r\u00e9 par RVC Marketing Inc. une filiale du RV Care Network, et il est approuv\u00e9 par <strong>plus de 80 concessionnaires membres du R\u00e9seau RV Care<\/strong>.<\/p>\n\t\t\t\t\t\t<\/div>\n\t\t\t\t<\/div>\n\t\t\t\t<div class=\"elementor-element elementor-element-a9d3b83 elementor-widget elementor-widget-text-editor\" data-id=\"a9d3b83\" data-element_type=\"widget\" data-widget_type=\"text-editor.default\">\n\t\t\t\t<div class=\"elementor-widget-container\">\n\t\t\t\t\t\t\t<p>Pour toute question, tout commentaire ou une simple demande d&rsquo;information, n&rsquo;h\u00e9sitez pas \u00e0 nous contacter \u00e0 l&rsquo;adresse suivante : <b><a href=\"mailto:INFO@RVCARE.CA\">INFO@RVCARE.CA<\/a><\/b>.<\/p>\n\t\t\t\t\t\t<\/div>\n\t\t\t\t<\/div>\n\t\t\t\t\t<\/div>\n\t\t\t\t<\/div>\n\t\t\t\t\t<\/div>\n\t\t\t\t<\/div>\n\t\t\t\t\t<\/div>\n\t\t\t\t<\/div>\n\t\t<div class=\"elementor-element elementor-element-fc248ac e-con-full e-flex e-con e-parent\" data-id=\"fc248ac\" data-element_type=\"container\" data-settings=\"{&quot;background_background&quot;:&quot;classic&quot;,&quot;jet_parallax_layout_list&quot;:[]}\">\n\t\t\t\t<\/div>\n\t\t\t\t<\/div>\n\t\t","protected":false},"excerpt":{"rendered":"<p>Qui est RVC Navigator Appartenant \u00e0 100% au RV Care Network Ltd, approuv\u00e9 par plus de 80 membres concessionnaires RV Care. C&rsquo;est ici que commence votre voyage. Laissez-nous vous guider. Le R\u00e9seau RV Care en est \u00e0 sa 25e ann\u00e9e au service de l\u2019industrie canadienne des v\u00e9hicules r\u00e9cr\u00e9atifs. \u00c0 l\u2019heure actuelle, notre r\u00e9seau compte plus [&hellip;]<\/p>\n","protected":false},"author":1,"featured_media":0,"parent":0,"menu_order":0,"comment_status":"closed","ping_status":"closed","template":"","meta":{"footnotes":""},"class_list":["post-47361","page","type-page","status-publish","hentry"],"_links":{"self":[{"href":"https:\/\/rvc-navigator.com\/fr\/wp-json\/wp\/v2\/pages\/47361","targetHints":{"allow":["GET"]}}],"collection":[{"href":"https:\/\/rvc-navigator.com\/fr\/wp-json\/wp\/v2\/pages"}],"about":[{"href":"https:\/\/rvc-navigator.com\/fr\/wp-json\/wp\/v2\/types\/page"}],"author":[{"embeddable":true,"href":"https:\/\/rvc-navigator.com\/fr\/wp-json\/wp\/v2\/users\/1"}],"replies":[{"embeddable":true,"href":"https:\/\/rvc-navigator.com\/fr\/wp-json\/wp\/v2\/comments?post=47361"}],"version-history":[{"count":0,"href":"https:\/\/rvc-navigator.com\/fr\/wp-json\/wp\/v2\/pages\/47361\/revisions"}],"wp:attachment":[{"href":"https:\/\/rvc-navigator.com\/fr\/wp-json\/wp\/v2\/media?parent=47361"}],"curies":[{"name":"wp","href":"https:\/\/api.w.org\/{rel}","templated":true}]}}