{"id":48523,"date":"2024-03-14T13:22:36","date_gmt":"2024-03-14T18:22:36","guid":{"rendered":"https:\/\/rvc-navigator.com\/guide-achat-vr\/neuf-ou-usage\/"},"modified":"2024-04-09T12:38:25","modified_gmt":"2024-04-09T18:38:25","slug":"neuf-ou-usage","status":"publish","type":"page","link":"https:\/\/rvc-navigator.com\/fr\/guide-achat-vr\/neuf-ou-usage\/","title":{"rendered":"Neuf ou usag\u00e9"},"content":{"rendered":"\t\t<div data-elementor-type=\"wp-page\" data-elementor-id=\"48523\" class=\"elementor elementor-48523 elementor-45154\" data-elementor-post-type=\"page\">\n\t\t\t\t<div class=\"elementor-element elementor-element-93818d0 e-flex e-con-boxed e-con e-parent\" data-id=\"93818d0\" data-element_type=\"container\" data-settings=\"{&quot;background_background&quot;:&quot;classic&quot;,&quot;jet_parallax_layout_list&quot;:[]}\">\n\t\t\t\t\t<div class=\"e-con-inner\">\n\t\t<div class=\"elementor-element elementor-element-2263db3 e-con-full e-flex e-con e-child\" data-id=\"2263db3\" data-element_type=\"container\" data-settings=\"{&quot;jet_parallax_layout_list&quot;:[]}\">\n\t\t\t\t<div class=\"elementor-element elementor-element-9ca0825 elementor-widget elementor-widget-heading\" data-id=\"9ca0825\" data-element_type=\"widget\" data-widget_type=\"heading.default\">\n\t\t\t\t<div class=\"elementor-widget-container\">\n\t\t\t<h1 class=\"elementor-heading-title elementor-size-default\"><span style=\"color:white\">Neuf ou<br><\/span> usag\u00e9<\/h1>\t\t<\/div>\n\t\t\t\t<\/div>\n\t\t\t\t<div class=\"elementor-element elementor-element-c8c972e elementor-widget elementor-widget-text-editor\" data-id=\"c8c972e\" data-element_type=\"widget\" data-widget_type=\"text-editor.default\">\n\t\t\t\t<div class=\"elementor-widget-container\">\n\t\t\t\t\t\t\t<p>Prenons la route ! Vous envisagez de vous lancer dans l&rsquo;aventure du camping-car ? C&rsquo;est fantastique ! Maintenant vient la grande question : Un v\u00e9hicule r\u00e9cr\u00e9atif neuf ou d&rsquo;occasion ?   <\/p>\n\t\t\t\t\t\t<\/div>\n\t\t\t\t<\/div>\n\t\t\t\t<\/div>\n\t\t\t\t\t<\/div>\n\t\t\t\t<\/div>\n\t\t<div class=\"elementor-element elementor-element-ce1a4a0 e-flex e-con-boxed e-con e-parent\" data-id=\"ce1a4a0\" data-element_type=\"container\" data-settings=\"{&quot;jet_parallax_layout_list&quot;:[]}\">\n\t\t\t\t\t<div class=\"e-con-inner\">\n\t\t<div class=\"elementor-element elementor-element-7a0bd82 e-con-full e-flex e-con e-child\" data-id=\"7a0bd82\" data-element_type=\"container\" data-settings=\"{&quot;jet_parallax_layout_list&quot;:[]}\">\n\t\t<div class=\"elementor-element elementor-element-9faa329 e-con-full e-flex e-con e-child\" data-id=\"9faa329\" data-element_type=\"container\" data-settings=\"{&quot;jet_parallax_layout_list&quot;:[]}\">\n\t\t\t\t<div class=\"elementor-element elementor-element-2c00352 elementor-widget-divider--separator-type-pattern elementor-widget-divider--view-line elementor-widget elementor-widget-divider\" data-id=\"2c00352\" data-element_type=\"widget\" data-widget_type=\"divider.default\">\n\t\t\t\t<div class=\"elementor-widget-container\">\n\t\t\t\t\t<div class=\"elementor-divider\" style=\"--divider-pattern-url: url(&quot;data:image\/svg+xml,%3Csvg xmlns=&#039;http:\/\/www.w3.org\/2000\/svg&#039; preserveAspectRatio=&#039;none&#039; overflow=&#039;visible&#039; height=&#039;100%&#039; viewBox=&#039;0 0 20 16&#039; fill=&#039;none&#039; stroke=&#039;black&#039; stroke-width=&#039;1&#039; stroke-linecap=&#039;square&#039; stroke-miterlimit=&#039;10&#039;%3E%3Cg transform=&#039;translate(-12.000000, 0)&#039;%3E%3Cpath d=&#039;M28,0L10,18&#039;\/%3E%3Cpath d=&#039;M18,0L0,18&#039;\/%3E%3Cpath d=&#039;M48,0L30,18&#039;\/%3E%3Cpath d=&#039;M38,0L20,18&#039;\/%3E%3C\/g%3E%3C\/svg%3E&quot;);\">\n\t\t\t<span class=\"elementor-divider-separator\">\n\t\t\t\t\t\t<\/span>\n\t\t<\/div>\n\t\t\t\t<\/div>\n\t\t\t\t<\/div>\n\t\t\t\t<div class=\"elementor-element elementor-element-daf7f8f elementor-widget elementor-widget-text-editor\" data-id=\"daf7f8f\" data-element_type=\"widget\" data-widget_type=\"text-editor.default\">\n\t\t\t\t<div class=\"elementor-widget-container\">\n\t\t\t\t\t\t\t<p><strong>VR usag\u00e9 : Une opportunit\u00e9 pour tous les aventuriers<\/strong><\/p>\n<p>Vous cherchez \u00e0 maximiser votre budget VR ? Ne cherchez pas plus loin que le march\u00e9 des v\u00e9hicules d&rsquo;occasion ! Vous y trouverez des offres fantastiques qui vous permettront d&rsquo;obtenir beaucoup plus de VR pour votre argent qu&rsquo;avec un v\u00e9hicule neuf. Cela lib\u00e8re des fonds pour du mat\u00e9riel de camping suppl\u00e9mentaire, des exp\u00e9riences de voyage ou m\u00eame des am\u00e9liorations de VR plus tard.   <\/p>\n<p><strong>V\u00e9hicules r\u00e9cr\u00e9atifs neufs : Une tranquillit\u00e9 d&rsquo;esprit in\u00e9gal\u00e9e<\/strong><\/p>\n<p>Il y a quelque chose d&rsquo;ind\u00e9niablement sp\u00e9cial dans un v\u00e9hicule r\u00e9cr\u00e9atif flambant neuf. Imaginez que vous p\u00e9n\u00e9trez \u00e0 l&rsquo;int\u00e9rieur et que vous sentez l&rsquo;odeur fra\u00eeche d&rsquo;une nouvelle tapisserie et que vous avez l&rsquo;impression d&rsquo;avoir \u00e0 port\u00e9e de main toutes les caract\u00e9ristiques et les conceptions les plus r\u00e9centes. Les VR neufs sont \u00e9galement couverts par la garantie du fabricant, ce qui vous permet d&rsquo;avoir l&rsquo;esprit tranquille en cas d&rsquo;\u00e9ventuels probl\u00e8mes sur la route. De plus, vous avez la satisfaction de savoir que vous \u00eates le tout premier propri\u00e9taire et qu&rsquo;il n&rsquo;y a pas d&rsquo;usure ant\u00e9rieure \u00e0 prendre en compte.   <\/p>\n\t\t\t\t\t\t<\/div>\n\t\t\t\t<\/div>\n\t\t\t\t<div class=\"elementor-element elementor-element-5c7fb4f elementor-widget elementor-widget-heading\" data-id=\"5c7fb4f\" data-element_type=\"widget\" data-widget_type=\"heading.default\">\n\t\t\t\t<div class=\"elementor-widget-container\">\n\t\t\t<h2 class=\"elementor-heading-title elementor-size-default\">Vous envisagez d'acheter un v\u00e9hicule r\u00e9cr\u00e9atif d'occasion ? Posez-vous ces questions : \n\n<\/h2>\t\t<\/div>\n\t\t\t\t<\/div>\n\t\t\t\t<\/div>\n\t\t<div class=\"jet-sticky-column elementor-element elementor-element-f3c3db1 e-con-full e-flex e-con e-child\" data-jet-settings=\"{&quot;id&quot;:&quot;f3c3db1&quot;,&quot;sticky&quot;:true,&quot;topSpacing&quot;:50,&quot;bottomSpacing&quot;:50,&quot;stickyOn&quot;:[&quot;desktop&quot;,&quot;tablet&quot;]}\" data-id=\"f3c3db1\" data-element_type=\"container\" data-settings=\"{&quot;background_background&quot;:&quot;classic&quot;,&quot;jet_parallax_layout_list&quot;:[]}\">\n\t\t\t\t<div class=\"elementor-element elementor-element-7f10ed5 elementor-widget elementor-widget-heading\" data-id=\"7f10ed5\" data-element_type=\"widget\" data-widget_type=\"heading.default\">\n\t\t\t\t<div class=\"elementor-widget-container\">\n\t\t\t<h3 class=\"elementor-heading-title elementor-size-default\">\u00cates-vous convaincu ?<\/h3>\t\t<\/div>\n\t\t\t\t<\/div>\n\t\t\t\t<div class=\"elementor-element elementor-element-bd5ec11 elementor-widget elementor-widget-text-editor\" data-id=\"bd5ec11\" data-element_type=\"widget\" data-widget_type=\"text-editor.default\">\n\t\t\t\t<div class=\"elementor-widget-container\">\n\t\t\t\t\t\t\t<p>Comparez les diff\u00e9rents types de VR et voyez quelle est la meilleure option pour vous !<\/p>\n\t\t\t\t\t\t<\/div>\n\t\t\t\t<\/div>\n\t\t\t\t<div class=\"elementor-element elementor-element-db0ae75 elementor-align-justify elementor-widget elementor-widget-button\" data-id=\"db0ae75\" data-element_type=\"widget\" data-widget_type=\"button.default\">\n\t\t\t\t<div class=\"elementor-widget-container\">\n\t\t\t\t\t\t\t<div class=\"elementor-button-wrapper\">\n\t\t\t\t\t<a class=\"elementor-button elementor-button-link elementor-size-sm\" href=\"\/fr\/guide-achat-vr\/comparer-les-differents-types-de-vr\/\">\n\t\t\t\t\t\t<span class=\"elementor-button-content-wrapper\">\n\t\t\t\t\t\t<span class=\"elementor-button-icon\">\n\t\t\t\t<svg aria-hidden=\"true\" class=\"e-font-icon-svg e-fas-arrow-right\" viewBox=\"0 0 448 512\" xmlns=\"http:\/\/www.w3.org\/2000\/svg\"><path d=\"M190.5 66.9l22.2-22.2c9.4-9.4 24.6-9.4 33.9 0L441 239c9.4 9.4 9.4 24.6 0 33.9L246.6 467.3c-9.4 9.4-24.6 9.4-33.9 0l-22.2-22.2c-9.5-9.5-9.3-25 .4-34.3L311.4 296H24c-13.3 0-24-10.7-24-24v-32c0-13.3 10.7-24 24-24h287.4L190.9 101.2c-9.8-9.3-10-24.8-.4-34.3z\"><\/path><\/svg>\t\t\t<\/span>\n\t\t\t\t\t\t\t\t\t<span class=\"elementor-button-text\">D\u00e9couvrez<\/span>\n\t\t\t\t\t<\/span>\n\t\t\t\t\t<\/a>\n\t\t\t\t<\/div>\n\t\t\t\t\t\t<\/div>\n\t\t\t\t<\/div>\n\t\t\t\t<\/div>\n\t\t\t\t<\/div>\n\t\t<div class=\"elementor-element elementor-element-8957e32 e-con-full e-flex e-con e-child\" data-id=\"8957e32\" data-element_type=\"container\" data-settings=\"{&quot;jet_parallax_layout_list&quot;:[]}\">\n\t\t<div class=\"elementor-element elementor-element-d88068a e-con-full e-flex e-con e-child\" data-id=\"d88068a\" data-element_type=\"container\" data-settings=\"{&quot;jet_parallax_layout_list&quot;:[]}\">\n\t\t\t\t<div class=\"elementor-element elementor-element-30212ac elementor-widget__width-initial elementor-view-default elementor-position-top elementor-mobile-position-top elementor-widget elementor-widget-icon-box\" data-id=\"30212ac\" data-element_type=\"widget\" data-widget_type=\"icon-box.default\">\n\t\t\t\t<div class=\"elementor-widget-container\">\n\t\t\t\t\t<div class=\"elementor-icon-box-wrapper\">\n\n\t\t\t\t\t\t<div class=\"elementor-icon-box-icon\">\n\t\t\t\t<span  class=\"elementor-icon elementor-animation-shrink\">\n\t\t\t\t<svg aria-hidden=\"true\" class=\"e-font-icon-svg e-fas-user-friends\" viewBox=\"0 0 640 512\" xmlns=\"http:\/\/www.w3.org\/2000\/svg\"><path d=\"M192 256c61.9 0 112-50.1 112-112S253.9 32 192 32 80 82.1 80 144s50.1 112 112 112zm76.8 32h-8.3c-20.8 10-43.9 16-68.5 16s-47.6-6-68.5-16h-8.3C51.6 288 0 339.6 0 403.2V432c0 26.5 21.5 48 48 48h288c26.5 0 48-21.5 48-48v-28.8c0-63.6-51.6-115.2-115.2-115.2zM480 256c53 0 96-43 96-96s-43-96-96-96-96 43-96 96 43 96 96 96zm48 32h-3.8c-13.9 4.8-28.6 8-44.2 8s-30.3-3.2-44.2-8H432c-20.4 0-39.2 5.9-55.7 15.4 24.4 26.3 39.7 61.2 39.7 99.8v38.4c0 2.2-.5 4.3-.6 6.4H592c26.5 0 48-21.5 48-48 0-61.9-50.1-112-112-112z\"><\/path><\/svg>\t\t\t\t<\/span>\n\t\t\t<\/div>\n\t\t\t\n\t\t\t\t\t\t<div class=\"elementor-icon-box-content\">\n\n\t\t\t\t\t\t\t\t\t<h3 class=\"elementor-icon-box-title\">\n\t\t\t\t\t\t<span  >\n\t\t\t\t\t\t\tCombien de propri\u00e9taires a eu ce v\u00e9hicule ?\t\t\t\t\t\t<\/span>\n\t\t\t\t\t<\/h3>\n\t\t\t\t\n\t\t\t\t\n\t\t\t<\/div>\n\t\t\t\n\t\t<\/div>\n\t\t\t\t<\/div>\n\t\t\t\t<\/div>\n\t\t\t\t<div class=\"elementor-element elementor-element-6366523 elementor-widget__width-initial elementor-view-default elementor-position-top elementor-mobile-position-top elementor-widget elementor-widget-icon-box\" data-id=\"6366523\" data-element_type=\"widget\" data-widget_type=\"icon-box.default\">\n\t\t\t\t<div class=\"elementor-widget-container\">\n\t\t\t\t\t<div class=\"elementor-icon-box-wrapper\">\n\n\t\t\t\t\t\t<div class=\"elementor-icon-box-icon\">\n\t\t\t\t<span  class=\"elementor-icon elementor-animation-shrink\">\n\t\t\t\t<svg aria-hidden=\"true\" class=\"e-font-icon-svg e-fas-clipboard-list\" viewBox=\"0 0 384 512\" xmlns=\"http:\/\/www.w3.org\/2000\/svg\"><path d=\"M336 64h-80c0-35.3-28.7-64-64-64s-64 28.7-64 64H48C21.5 64 0 85.5 0 112v352c0 26.5 21.5 48 48 48h288c26.5 0 48-21.5 48-48V112c0-26.5-21.5-48-48-48zM96 424c-13.3 0-24-10.7-24-24s10.7-24 24-24 24 10.7 24 24-10.7 24-24 24zm0-96c-13.3 0-24-10.7-24-24s10.7-24 24-24 24 10.7 24 24-10.7 24-24 24zm0-96c-13.3 0-24-10.7-24-24s10.7-24 24-24 24 10.7 24 24-10.7 24-24 24zm96-192c13.3 0 24 10.7 24 24s-10.7 24-24 24-24-10.7-24-24 10.7-24 24-24zm128 368c0 4.4-3.6 8-8 8H168c-4.4 0-8-3.6-8-8v-16c0-4.4 3.6-8 8-8h144c4.4 0 8 3.6 8 8v16zm0-96c0 4.4-3.6 8-8 8H168c-4.4 0-8-3.6-8-8v-16c0-4.4 3.6-8 8-8h144c4.4 0 8 3.6 8 8v16zm0-96c0 4.4-3.6 8-8 8H168c-4.4 0-8-3.6-8-8v-16c0-4.4 3.6-8 8-8h144c4.4 0 8 3.6 8 8v16z\"><\/path><\/svg>\t\t\t\t<\/span>\n\t\t\t<\/div>\n\t\t\t\n\t\t\t\t\t\t<div class=\"elementor-icon-box-content\">\n\n\t\t\t\t\t\t\t\t\t<h3 class=\"elementor-icon-box-title\">\n\t\t\t\t\t\t<span  >\n\t\t\t\t\t\t\tExiste-t-il un historique de l'entretien du VR ?\t\t\t\t\t\t<\/span>\n\t\t\t\t\t<\/h3>\n\t\t\t\t\n\t\t\t\t\n\t\t\t<\/div>\n\t\t\t\n\t\t<\/div>\n\t\t\t\t<\/div>\n\t\t\t\t<\/div>\n\t\t\t\t<div class=\"elementor-element elementor-element-e120413 elementor-widget__width-initial elementor-view-default elementor-position-top elementor-mobile-position-top elementor-widget elementor-widget-icon-box\" data-id=\"e120413\" data-element_type=\"widget\" data-widget_type=\"icon-box.default\">\n\t\t\t\t<div class=\"elementor-widget-container\">\n\t\t\t\t\t<div class=\"elementor-icon-box-wrapper\">\n\n\t\t\t\t\t\t<div class=\"elementor-icon-box-icon\">\n\t\t\t\t<span  class=\"elementor-icon elementor-animation-shrink\">\n\t\t\t\t<svg aria-hidden=\"true\" class=\"e-font-icon-svg e-fas-tint\" viewBox=\"0 0 352 512\" xmlns=\"http:\/\/www.w3.org\/2000\/svg\"><path d=\"M205.22 22.09c-7.94-28.78-49.44-30.12-58.44 0C100.01 179.85 0 222.72 0 333.91 0 432.35 78.72 512 176 512s176-79.65 176-178.09c0-111.75-99.79-153.34-146.78-311.82zM176 448c-61.75 0-112-50.25-112-112 0-8.84 7.16-16 16-16s16 7.16 16 16c0 44.11 35.89 80 80 80 8.84 0 16 7.16 16 16s-7.16 16-16 16z\"><\/path><\/svg>\t\t\t\t<\/span>\n\t\t\t<\/div>\n\t\t\t\n\t\t\t\t\t\t<div class=\"elementor-icon-box-content\">\n\n\t\t\t\t\t\t\t\t\t<h3 class=\"elementor-icon-box-title\">\n\t\t\t\t\t\t<span  >\n\t\t\t\t\t\t\tAvez-vous remarqu\u00e9 des signes de fuites d'eau ou de dommages \u00e0 l'int\u00e9rieur du VR ?\t\t\t\t\t\t<\/span>\n\t\t\t\t\t<\/h3>\n\t\t\t\t\n\t\t\t\t\n\t\t\t<\/div>\n\t\t\t\n\t\t<\/div>\n\t\t\t\t<\/div>\n\t\t\t\t<\/div>\n\t\t\t\t<div class=\"elementor-element elementor-element-db4ad3e elementor-widget__width-initial elementor-view-default elementor-position-top elementor-mobile-position-top elementor-widget elementor-widget-icon-box\" data-id=\"db4ad3e\" data-element_type=\"widget\" data-widget_type=\"icon-box.default\">\n\t\t\t\t<div class=\"elementor-widget-container\">\n\t\t\t\t\t<div class=\"elementor-icon-box-wrapper\">\n\n\t\t\t\t\t\t<div class=\"elementor-icon-box-icon\">\n\t\t\t\t<span  class=\"elementor-icon elementor-animation-shrink\">\n\t\t\t\t<svg aria-hidden=\"true\" class=\"e-font-icon-svg e-fas-trailer\" viewBox=\"0 0 640 512\" xmlns=\"http:\/\/www.w3.org\/2000\/svg\"><path d=\"M624,320H544V80a16,16,0,0,0-16-16H16A16,16,0,0,0,0,80V368a16,16,0,0,0,16,16H65.61c7.83-54.21,54-96,110.39-96s102.56,41.79,110.39,96H624a16,16,0,0,0,16-16V336A16,16,0,0,0,624,320ZM96,243.68a176.29,176.29,0,0,0-32,20.71V136a8,8,0,0,1,8-8H88a8,8,0,0,1,8,8Zm96-18.54c-5.31-.49-10.57-1.14-16-1.14s-10.69.65-16,1.14V136a8,8,0,0,1,8-8h16a8,8,0,0,1,8,8Zm96,39.25a176.29,176.29,0,0,0-32-20.71V136a8,8,0,0,1,8-8h16a8,8,0,0,1,8,8ZM384,320H352V136a8,8,0,0,1,8-8h16a8,8,0,0,1,8,8Zm96,0H448V136a8,8,0,0,1,8-8h16a8,8,0,0,1,8,8Zm-304,0a80,80,0,1,0,80,80A80,80,0,0,0,176,320Zm0,112a32,32,0,1,1,32-32A32,32,0,0,1,176,432Z\"><\/path><\/svg>\t\t\t\t<\/span>\n\t\t\t<\/div>\n\t\t\t\n\t\t\t\t\t\t<div class=\"elementor-icon-box-content\">\n\n\t\t\t\t\t\t\t\t\t<h3 class=\"elementor-icon-box-title\">\n\t\t\t\t\t\t<span  >\n\t\t\t\t\t\t\tLes pneus du VR ont-ils d\u00e9j\u00e0 \u00e9t\u00e9 remplac\u00e9s ? Quel est le kilom\u00e9trage actuel des pneus existants ? \t\t\t\t\t\t<\/span>\n\t\t\t\t\t<\/h3>\n\t\t\t\t\n\t\t\t\t\n\t\t\t<\/div>\n\t\t\t\n\t\t<\/div>\n\t\t\t\t<\/div>\n\t\t\t\t<\/div>\n\t\t\t\t<\/div>\n\t\t<div class=\"elementor-element elementor-element-94baae0 e-con-full e-flex e-con e-child\" data-id=\"94baae0\" data-element_type=\"container\" data-settings=\"{&quot;jet_parallax_layout_list&quot;:[]}\">\n\t\t\t\t<div class=\"elementor-element elementor-element-510d564 elementor-widget elementor-widget-heading\" data-id=\"510d564\" data-element_type=\"widget\" data-widget_type=\"heading.default\">\n\t\t\t\t<div class=\"elementor-widget-container\">\n\t\t\t<h3 class=\"elementor-heading-title elementor-size-default\">\u00c0 quoi cela sert-il ?<\/h3>\t\t<\/div>\n\t\t\t\t<\/div>\n\t\t\t\t<div class=\"elementor-element elementor-element-14396da elementor-widget elementor-widget-text-editor\" data-id=\"14396da\" data-element_type=\"widget\" data-widget_type=\"text-editor.default\">\n\t\t\t\t<div class=\"elementor-widget-container\">\n\t\t\t\t\t\t\t<p>Lorsque vous envisagez d&rsquo;acheter un v\u00e9hicule r\u00e9cr\u00e9atif usag\u00e9, il est important d&rsquo;\u00e9valuer s&rsquo;il y a des r\u00e9parations cach\u00e9es au coin de la rue.Voici comment aborder cette question du point de vue des co\u00fbts : <\/p>\n<p><strong>Vendeur priv\u00e9 :<\/strong> Posez des questions sur les probl\u00e8mes connus (fuites, r\u00e9parations) et v\u00e9rifiez l&rsquo;usure visible.<\/p>\n<p><strong>Concessionnaire :<\/strong> Demander le rapport d&rsquo;inspection et se renseigner sur la couverture de la garantie.<\/p>\n\t\t\t\t\t\t<\/div>\n\t\t\t\t<\/div>\n\t\t\t\t<\/div>\n\t\t\t\t<\/div>\n\t\t<div class=\"elementor-element elementor-element-502a009 e-con-full e-flex e-con e-child\" data-id=\"502a009\" data-element_type=\"container\" data-settings=\"{&quot;jet_parallax_layout_list&quot;:[]}\">\n\t\t<div class=\"elementor-element elementor-element-c96bcc8 e-con-full e-flex e-con e-child\" data-id=\"c96bcc8\" data-element_type=\"container\" data-settings=\"{&quot;jet_parallax_layout_list&quot;:[]}\">\n\t\t\t\t<div class=\"elementor-element elementor-element-dc02c48 elementor-widget-divider--separator-type-pattern elementor-widget-divider--view-line elementor-widget elementor-widget-divider\" data-id=\"dc02c48\" data-element_type=\"widget\" data-widget_type=\"divider.default\">\n\t\t\t\t<div class=\"elementor-widget-container\">\n\t\t\t\t\t<div class=\"elementor-divider\" style=\"--divider-pattern-url: url(&quot;data:image\/svg+xml,%3Csvg xmlns=&#039;http:\/\/www.w3.org\/2000\/svg&#039; preserveAspectRatio=&#039;none&#039; overflow=&#039;visible&#039; height=&#039;100%&#039; viewBox=&#039;0 0 20 16&#039; fill=&#039;none&#039; stroke=&#039;black&#039; stroke-width=&#039;1&#039; stroke-linecap=&#039;square&#039; stroke-miterlimit=&#039;10&#039;%3E%3Cg transform=&#039;translate(-12.000000, 0)&#039;%3E%3Cpath d=&#039;M28,0L10,18&#039;\/%3E%3Cpath d=&#039;M18,0L0,18&#039;\/%3E%3Cpath d=&#039;M48,0L30,18&#039;\/%3E%3Cpath d=&#039;M38,0L20,18&#039;\/%3E%3C\/g%3E%3C\/svg%3E&quot;);\">\n\t\t\t<span class=\"elementor-divider-separator\">\n\t\t\t\t\t\t<\/span>\n\t\t<\/div>\n\t\t\t\t<\/div>\n\t\t\t\t<\/div>\n\t\t\t\t<div class=\"elementor-element elementor-element-e447a3e elementor-widget elementor-widget-text-editor\" data-id=\"e447a3e\" data-element_type=\"widget\" data-widget_type=\"text-editor.default\">\n\t\t\t\t<div class=\"elementor-widget-container\">\n\t\t\t\t\t\t\t<p><strong>VR usag\u00e9 ou neuf : Fairte votre choix<\/strong><\/p>\n<p>Vous vous sentez en confiance apr\u00e8s avoir pos\u00e9 des questions sur un VR d&rsquo;occasion ? C&rsquo;est parfait ! Vous pourriez trouver un petit bijou d&rsquo;occasion dot\u00e9 d&rsquo;une foule de caract\u00e9ristiques \u00e0 un prix abordable. C&rsquo;est l&rsquo;id\u00e9al pendant que vous d\u00e9terminez votre style de v\u00e9hicule r\u00e9cr\u00e9atif.   <\/p>\n<p>Vous avez encore des doutes apr\u00e8s avoir v\u00e9rifi\u00e9 un VR d&rsquo;occasion ? Si vous avez une vision claire de l&rsquo;utilisation de votre v\u00e9hicule r\u00e9cr\u00e9atif, envisagez d&rsquo;en acheter un nouveau. Notre r\u00e9seau RV Care peut vous aider \u00e0 trouver le v\u00e9hicule id\u00e9al et r\u00e9pondre \u00e0 toutes vos questions. De plus, leurs avantages s&rsquo;appliquent aussi bien aux VR neufs qu&rsquo;aux VR d&rsquo;occasion !   <\/p>\n\t\t\t\t\t\t<\/div>\n\t\t\t\t<\/div>\n\t\t\t\t<\/div>\n\t\t<div class=\"elementor-element elementor-element-6754b6b e-con-full jedv-enabled--yes elementor-hidden-tablet elementor-hidden-mobile e-flex e-con e-child\" data-id=\"6754b6b\" data-element_type=\"container\" data-settings=\"{&quot;jet_parallax_layout_list&quot;:[]}\">\n\t\t\t\t<\/div>\n\t\t\t\t<\/div>\n\t\t\t\t\t<\/div>\n\t\t\t\t<\/div>\n\t\t\t\t<\/div>\n\t\t","protected":false},"excerpt":{"rendered":"<p>Neuf ou usag\u00e9 Prenons la route ! Vous envisagez de vous lancer dans l&rsquo;aventure du camping-car ? C&rsquo;est fantastique ! Maintenant vient la grande question : Un v\u00e9hicule r\u00e9cr\u00e9atif neuf ou d&rsquo;occasion ? VR usag\u00e9 : Une opportunit\u00e9 pour tous les aventuriers Vous cherchez \u00e0 maximiser votre budget VR ? Ne cherchez pas plus loin [&hellip;]<\/p>\n","protected":false},"author":1,"featured_media":0,"parent":45641,"menu_order":0,"comment_status":"closed","ping_status":"closed","template":"","meta":{"footnotes":""},"class_list":["post-48523","page","type-page","status-publish","hentry"],"_links":{"self":[{"href":"https:\/\/rvc-navigator.com\/fr\/wp-json\/wp\/v2\/pages\/48523","targetHints":{"allow":["GET"]}}],"collection":[{"href":"https:\/\/rvc-navigator.com\/fr\/wp-json\/wp\/v2\/pages"}],"about":[{"href":"https:\/\/rvc-navigator.com\/fr\/wp-json\/wp\/v2\/types\/page"}],"author":[{"embeddable":true,"href":"https:\/\/rvc-navigator.com\/fr\/wp-json\/wp\/v2\/users\/1"}],"replies":[{"embeddable":true,"href":"https:\/\/rvc-navigator.com\/fr\/wp-json\/wp\/v2\/comments?post=48523"}],"version-history":[{"count":0,"href":"https:\/\/rvc-navigator.com\/fr\/wp-json\/wp\/v2\/pages\/48523\/revisions"}],"up":[{"embeddable":true,"href":"https:\/\/rvc-navigator.com\/fr\/wp-json\/wp\/v2\/pages\/45641"}],"wp:attachment":[{"href":"https:\/\/rvc-navigator.com\/fr\/wp-json\/wp\/v2\/media?parent=48523"}],"curies":[{"name":"wp","href":"https:\/\/api.w.org\/{rel}","templated":true}]}}