{"id":48525,"date":"2024-03-28T14:39:32","date_gmt":"2024-03-28T19:39:32","guid":{"rendered":"https:\/\/rvc-navigator.com\/guide-achat-vr\/magasiner-un-vr-usage\/"},"modified":"2024-04-09T12:15:18","modified_gmt":"2024-04-09T18:15:18","slug":"magasiner-un-vr-usage","status":"publish","type":"page","link":"https:\/\/rvc-navigator.com\/fr\/guide-achat-vr\/magasiner-un-vr-usage\/","title":{"rendered":"Magasiner un VR usag\u00e9"},"content":{"rendered":"\t\t<div data-elementor-type=\"wp-page\" data-elementor-id=\"48525\" class=\"elementor elementor-48525 elementor-46706\" data-elementor-post-type=\"page\">\n\t\t\t\t<div class=\"elementor-element elementor-element-27eb49e e-flex e-con-boxed e-con e-parent\" data-id=\"27eb49e\" data-element_type=\"container\" data-settings=\"{&quot;background_background&quot;:&quot;classic&quot;,&quot;jet_parallax_layout_list&quot;:[]}\">\n\t\t\t\t\t<div class=\"e-con-inner\">\n\t\t<div class=\"elementor-element elementor-element-499b925 e-con-full e-flex e-con e-child\" data-id=\"499b925\" data-element_type=\"container\" data-settings=\"{&quot;jet_parallax_layout_list&quot;:[]}\">\n\t\t\t\t<div class=\"elementor-element elementor-element-011524d elementor-widget elementor-widget-heading\" data-id=\"011524d\" data-element_type=\"widget\" data-widget_type=\"heading.default\">\n\t\t\t\t<div class=\"elementor-widget-container\">\n\t\t\t<h1 class=\"elementor-heading-title elementor-size-default\"><span style=\"color:white\">Magasiner <\/span> <br>Un VR usag\u00e9<\/h1>\t\t<\/div>\n\t\t\t\t<\/div>\n\t\t\t\t<\/div>\n\t\t\t\t\t<\/div>\n\t\t\t\t<\/div>\n\t\t<div class=\"elementor-element elementor-element-bcb75a3 e-flex e-con-boxed e-con e-parent\" data-id=\"bcb75a3\" data-element_type=\"container\" data-settings=\"{&quot;jet_parallax_layout_list&quot;:[],&quot;background_background&quot;:&quot;classic&quot;}\">\n\t\t\t\t\t<div class=\"e-con-inner\">\n\t\t\t\t<div class=\"elementor-element elementor-element-41db52f elementor-widget-divider--separator-type-pattern elementor-widget-divider--view-line elementor-widget elementor-widget-divider\" data-id=\"41db52f\" data-element_type=\"widget\" data-widget_type=\"divider.default\">\n\t\t\t\t<div class=\"elementor-widget-container\">\n\t\t\t\t\t<div class=\"elementor-divider\" style=\"--divider-pattern-url: url(&quot;data:image\/svg+xml,%3Csvg xmlns=&#039;http:\/\/www.w3.org\/2000\/svg&#039; preserveAspectRatio=&#039;none&#039; overflow=&#039;visible&#039; height=&#039;100%&#039; viewBox=&#039;0 0 20 16&#039; fill=&#039;none&#039; stroke=&#039;black&#039; stroke-width=&#039;1&#039; stroke-linecap=&#039;square&#039; stroke-miterlimit=&#039;10&#039;%3E%3Cg transform=&#039;translate(-12.000000, 0)&#039;%3E%3Cpath d=&#039;M28,0L10,18&#039;\/%3E%3Cpath d=&#039;M18,0L0,18&#039;\/%3E%3Cpath d=&#039;M48,0L30,18&#039;\/%3E%3Cpath d=&#039;M38,0L20,18&#039;\/%3E%3C\/g%3E%3C\/svg%3E&quot;);\">\n\t\t\t<span class=\"elementor-divider-separator\">\n\t\t\t\t\t\t<\/span>\n\t\t<\/div>\n\t\t\t\t<\/div>\n\t\t\t\t<\/div>\n\t\t\t\t<div class=\"elementor-element elementor-element-086ee8f elementor-widget elementor-widget-text-editor\" data-id=\"086ee8f\" data-element_type=\"widget\" data-widget_type=\"text-editor.default\">\n\t\t\t\t<div class=\"elementor-widget-container\">\n\t\t\t\t\t\t\t\n<p>Inspir\u00e9 par des vid\u00e9os, des publications sur Facebook et les aventures de vos amis, vous \u00eates pr\u00eat \u00e0 prendre la route dans votre propre VR. Mais par o\u00f9 commencer ?  <\/p>\n\t\t\t\t\t\t<\/div>\n\t\t\t\t<\/div>\n\t\t\t\t<div class=\"elementor-element elementor-element-818002f elementor-widget elementor-widget-heading\" data-id=\"818002f\" data-element_type=\"widget\" data-widget_type=\"heading.default\">\n\t\t\t\t<div class=\"elementor-widget-container\">\n\t\t\t<h2 class=\"elementor-heading-title elementor-size-default\">Faites vos devoirs<\/h2>\t\t<\/div>\n\t\t\t\t<\/div>\n\t\t\t\t<div class=\"elementor-element elementor-element-bd94ea1 elementor-widget elementor-widget-text-editor\" data-id=\"bd94ea1\" data-element_type=\"widget\" data-widget_type=\"text-editor.default\">\n\t\t\t\t<div class=\"elementor-widget-container\">\n\t\t\t\t\t\t\t\n<p>Se joindre \u00e0 la communaut\u00e9 des VR est une d\u00e9cision excitante, et c&rsquo;est une d\u00e9cision importante ! Pour faciliter les choses, lorsque nous parlons de \u00ab\u00a0VR\u00a0\u00bb ici, nous couvrons tous les types de v\u00e9hicules, des motoris\u00e9s aux roulotte. <\/p>\n\t\t\t\t\t\t<\/div>\n\t\t\t\t<\/div>\n\t\t\t\t<div class=\"elementor-element elementor-element-707f68d elementor-widget elementor-widget-heading\" data-id=\"707f68d\" data-element_type=\"widget\" data-widget_type=\"heading.default\">\n\t\t\t\t<div class=\"elementor-widget-container\">\n\t\t\t<h2 class=\"elementor-heading-title elementor-size-default\">Envisagez la location<\/h2>\t\t<\/div>\n\t\t\t\t<\/div>\n\t\t\t\t<div class=\"elementor-element elementor-element-85d0c14 elementor-widget elementor-widget-text-editor\" data-id=\"85d0c14\" data-element_type=\"widget\" data-widget_type=\"text-editor.default\">\n\t\t\t\t<div class=\"elementor-widget-container\">\n\t\t\t\t\t\t\t\n<p>La location d&rsquo;un v\u00e9hicule r\u00e9cr\u00e9atif est une excellente fa\u00e7on de se familiariser avec le mode de vie en VR avant de faire le grand saut. Elle vous permet de d\u00e9couvrir la libert\u00e9 de la route et d&rsquo;exp\u00e9rimenter diff\u00e9rents types de v\u00e9hicules, le tout sans engagement financier majeur. <\/p>\n\t\t\t\t\t\t<\/div>\n\t\t\t\t<\/div>\n\t\t\t\t<div class=\"elementor-element elementor-element-1a7fddb elementor-widget elementor-widget-heading\" data-id=\"1a7fddb\" data-element_type=\"widget\" data-widget_type=\"heading.default\">\n\t\t\t\t<div class=\"elementor-widget-container\">\n\t\t\t<h2 class=\"elementor-heading-title elementor-size-default\">Avantages et inconv\u00e9nients<\/h2>\t\t<\/div>\n\t\t\t\t<\/div>\n\t\t\t\t<div class=\"elementor-element elementor-element-d1b52c5 elementor-widget elementor-widget-text-editor\" data-id=\"d1b52c5\" data-element_type=\"widget\" data-widget_type=\"text-editor.default\">\n\t\t\t\t<div class=\"elementor-widget-container\">\n\t\t\t\t\t\t\t\n<p><strong>VR neuf ou usag\u00e9 : Choisir le v\u00e9hicule id\u00e9al<\/strong><\/p>\n<p>Vous avez fait vos recherches et vous \u00eates pr\u00eat \u00e0 acheter ! La grande question qui se pose maintenant : neuf ou usag\u00e9 ? <\/p>\n<p><strong>\u00c9conomies gr\u00e2ce aux VR usag\u00e9s :<\/strong><\/p>\n<p>Les v\u00e9hicules r\u00e9cr\u00e9atifs usag\u00e9s permettent de r\u00e9aliser d&rsquo;importantes \u00e9conomies initiales, ce qui peut se traduire par des milliers de dollars dans votre poche. Toutefois, il faut se pr\u00e9parer \u00e0 d&rsquo;\u00e9ventuels besoins d&rsquo;entretien au fil du temps. La bonne nouvelle ? Avec des soins appropri\u00e9s, la dur\u00e9e de vie d&rsquo;un VR peut facilement doubler par rapport \u00e0 la moyenne de 10 ans. Lors de votre inspection, concentrez-vous sur le toit et la plomberie, car les d\u00e9g\u00e2ts d&rsquo;eau peuvent \u00eatre co\u00fbteux \u00e0 r\u00e9parer.    <\/p>\n<p><strong>Avantages des VR neufs :<\/strong><\/p>\n<p>Les VR neufs offrent la tranquillit\u00e9 d&rsquo;esprit que procurent les garanties et le plaisir de poss\u00e9der un v\u00e9hicule flambant neuf. Ils sont \u00e9galement dot\u00e9s des toutes derni\u00e8res caract\u00e9ristiques et conceptions. <\/p>\n<p><strong>\u00c0 vous de choisir :<\/strong><\/p>\n<p>En fin de compte, la d\u00e9cision d\u00e9pend de votre budget et de vos priorit\u00e9s. Recherchez-vous le meilleur rapport qualit\u00e9-prix ou pr\u00e9f\u00e9rez-vous la s\u00e9curit\u00e9 et les caract\u00e9ristiques d&rsquo;un nouveau VR ? <\/p>\n\t\t\t\t\t\t<\/div>\n\t\t\t\t<\/div>\n\t\t\t\t<div class=\"elementor-element elementor-element-9d13679 elementor-widget elementor-widget-heading\" data-id=\"9d13679\" data-element_type=\"widget\" data-widget_type=\"heading.default\">\n\t\t\t\t<div class=\"elementor-widget-container\">\n\t\t\t<h2 class=\"elementor-heading-title elementor-size-default\">Magasiner maintenant<\/h2>\t\t<\/div>\n\t\t\t\t<\/div>\n\t\t\t\t<div class=\"elementor-element elementor-element-3d4acf2 elementor-widget elementor-widget-text-editor\" data-id=\"3d4acf2\" data-element_type=\"widget\" data-widget_type=\"text-editor.default\">\n\t\t\t\t<div class=\"elementor-widget-container\">\n\t\t\t\t\t\t\t\n<p><strong>Acheter aupr\u00e8s d&rsquo;un concessionnaire ?<\/strong><\/p>\n<p>Les concessionnaires peuvent fournir des informations pr\u00e9cieuses sur l&rsquo;\u00e9tat du v\u00e9hicule r\u00e9cr\u00e9atif et sur les d\u00e9penses futures potentielles.<\/p>\n<p><strong>Bonus RV Care :<\/strong><\/p>\n<p>Si vous achetez un VR d&rsquo;occasion aupr\u00e8s d&rsquo;un concessionnaire RV Care, renseignez-vous sur les plans de protection des services pour une plus grande tranquillit\u00e9 d&rsquo;esprit.<\/p>\n\t\t\t\t\t\t<\/div>\n\t\t\t\t<\/div>\n\t\t\t\t<div class=\"elementor-element elementor-element-746cd8d elementor-widget elementor-widget-heading\" data-id=\"746cd8d\" data-element_type=\"widget\" data-widget_type=\"heading.default\">\n\t\t\t\t<div class=\"elementor-widget-container\">\n\t\t\t<h2 class=\"elementor-heading-title elementor-size-default\">Customer Care Promises<\/h2>\t\t<\/div>\n\t\t\t\t<\/div>\n\t\t\t\t<div class=\"elementor-element elementor-element-9cb3418 elementor-widget elementor-widget-text-editor\" data-id=\"9cb3418\" data-element_type=\"widget\" data-widget_type=\"text-editor.default\">\n\t\t\t\t<div class=\"elementor-widget-container\">\n\t\t\t\t\t\t\t\n<p><strong>Trouver un vendeur digne de confiance<\/strong><\/p>\n<p>Bien que tous les vendeurs ne proc\u00e8dent pas \u00e0 des inspections aussi approfondies, l&rsquo;achat aupr\u00e8s d&rsquo;un concessionnaire RV Care pr\u00e9sente un avantage certain : ses promesses de service \u00e0 la client\u00e8le. Ces promesses garantissent un niveau de qualit\u00e9 sup\u00e9rieur et vous assurent une tranquillit\u00e9 d&rsquo;esprit tout au long de votre parcours d&rsquo;achat. <\/p>\n\t\t\t\t\t\t<\/div>\n\t\t\t\t<\/div>\n\t\t\t\t<div class=\"elementor-element elementor-element-ef0e9a0 elementor-widget elementor-widget-heading\" data-id=\"ef0e9a0\" data-element_type=\"widget\" data-widget_type=\"heading.default\">\n\t\t\t\t<div class=\"elementor-widget-container\">\n\t\t\t<h2 class=\"elementor-heading-title elementor-size-default\">En savoir plus<\/h2>\t\t<\/div>\n\t\t\t\t<\/div>\n\t\t\t\t<div class=\"elementor-element elementor-element-dfa6831 elementor-widget elementor-widget-text-editor\" data-id=\"dfa6831\" data-element_type=\"widget\" data-widget_type=\"text-editor.default\">\n\t\t\t\t<div class=\"elementor-widget-container\">\n\t\t\t\t\t\t\t\n<p><strong>VR neuf ou usag\u00e9 : Trouver la solution id\u00e9ale<\/strong><\/p>\n<p>Choisir entre un VR neuf et un VR usag\u00e9 peut \u00eatre excitant ! Voici un aper\u00e7u qui vous aidera \u00e0 prendre cette d\u00e9cision importante : <\/p>\n<p><strong>VR usag\u00e9 : Opportunit\u00e9 pour les aventuriers<\/strong><\/p>\n<ul>\n<li><strong>Avantages :<\/strong> \u00c9conomies initiales importantes, ce qui permet de lib\u00e9rer du budget pour des am\u00e9liorations ou pour explorer d&rsquo;autres destinations. Excellente option pour les amateurs de bricolage. Co\u00fbts d&rsquo;assurance g\u00e9n\u00e9ralement moins \u00e9lev\u00e9s.  <\/li>\n<li><strong>Inconv\u00e9nients :<\/strong> possibilit\u00e9 de probl\u00e8mes d&rsquo;entretien cach\u00e9s. Peut n\u00e9cessiter plus de r\u00e9parations \u00e0 terme. Choix limit\u00e9 par rapport aux nouveaux mod\u00e8les.  <\/li>\n<li><strong>Bonus :<\/strong> RV Traveler&rsquo;s Choice offre des programmes d&rsquo;extension de garantie pour les caravanes d&rsquo;occasion.<\/li>\n<\/ul>\n<p> <\/p>\n<p><strong>VR neuf : La tranquillit\u00e9 d&rsquo;esprit sur la route<\/strong><\/p>\n<ul>\n<li><strong>Avantages :<\/strong> Technologie et caract\u00e9ristiques les plus r\u00e9centes. Pas de probl\u00e8mes de maintenance imm\u00e9diats. Tranquillit\u00e9 d&rsquo;esprit gr\u00e2ce \u00e0 la garantie du fabricant.  <\/li>\n<li><strong>Inconv\u00e9nients :<\/strong> co\u00fbt initial plus \u00e9lev\u00e9 et d\u00e9pr\u00e9ciation importante. Primes d&rsquo;assurance plus \u00e9lev\u00e9es. <\/li>\n<\/ul>\n<p> <\/p>\n<p><strong>\u00c0 vous de choisir :<\/strong><\/p>\n<p>Tenez compte de votre budget, de vos priorit\u00e9s et de votre degr\u00e9 de confort face \u00e0 d&rsquo;\u00e9ventuelles r\u00e9parations. Recherchez-vous le meilleur rapport qualit\u00e9-prix ou la s\u00e9curit\u00e9 d&rsquo;un VR flambant neuf ? <\/p>\n<p>En fin de compte, le VR id\u00e9al est celui qui alimente vos aventures pour les ann\u00e9es \u00e0 venir !<\/p>\n\t\t\t\t\t\t<\/div>\n\t\t\t\t<\/div>\n\t\t\t\t\t<\/div>\n\t\t\t\t<\/div>\n\t\t<div class=\"elementor-element elementor-element-8ca487f e-flex e-con-boxed e-con e-parent\" data-id=\"8ca487f\" data-element_type=\"container\" data-settings=\"{&quot;background_background&quot;:&quot;classic&quot;,&quot;jet_parallax_layout_list&quot;:[]}\">\n\t\t\t\t\t<div class=\"e-con-inner\">\n\t\t<div class=\"elementor-element elementor-element-7dacd7a e-flex e-con-boxed e-con e-child\" data-id=\"7dacd7a\" data-element_type=\"container\" data-settings=\"{&quot;background_background&quot;:&quot;classic&quot;,&quot;jet_parallax_layout_list&quot;:[]}\">\n\t\t\t\t\t<div class=\"e-con-inner\">\n\t\t\t\t<div class=\"elementor-element elementor-element-76431c7 elementor-widget elementor-widget-heading\" data-id=\"76431c7\" data-element_type=\"widget\" data-widget_type=\"heading.default\">\n\t\t\t\t<div class=\"elementor-widget-container\">\n\t\t\t<h2 class=\"elementor-heading-title elementor-size-default\">\u00c0 la conqu\u00eate du VR usag\u00e9 : Votre liste de v\u00e9rification essentielle<\/h2>\t\t<\/div>\n\t\t\t\t<\/div>\n\t\t\t\t<div class=\"elementor-element elementor-element-adc6805 elementor-widget elementor-widget-text-editor\" data-id=\"adc6805\" data-element_type=\"widget\" data-widget_type=\"text-editor.default\">\n\t\t\t\t<div class=\"elementor-widget-container\">\n\t\t\t\t\t\t\t\n<p>Vous avez d\u00e9cid\u00e9 qu&rsquo;un VR usag\u00e9 serait votre compagnon d&rsquo;aventure id\u00e9al ! Voici une liste de v\u00e9rification qui vous permettra de trouver le v\u00e9hicule id\u00e9al pour vos besoins et votre budget : <\/p>\n<h3><strong>Planifiez votre achat :<\/strong><\/h3>\n<p><strong>1. D\u00e9finissez vos besoins :<\/strong> Combien de voyageurs comptez-vous emmener ? O\u00f9 allez-vous explorer ? Quels sont les \u00e9quipements essentiels \u00e0 votre confort ? Les r\u00e9ponses \u00e0 ces questions guideront votre recherche.   <\/p>\n<p><strong>2. Fixez un budget r\u00e9aliste :<\/strong> Tenez compte du prix d&rsquo;achat, des frais d&rsquo;entretien \u00e9ventuels, des am\u00e9liorations, de l&rsquo;assurance, de l&rsquo;immatriculation et des r\u00e9parations \u00e9ventuelles.<\/p>\n<h3><strong>Recherche et inspection :<\/strong><\/h3>\n<p><strong>3. Explorer les types de VR :<\/strong> Examinez les diff\u00e9rentes options de VR &#8211; camping-cars, caravanes, etc. Chacun pr\u00e9sente des avantages et des inconv\u00e9nients, alors choisissez celui qui correspond \u00e0 votre style de voyage. <\/p>\n<p><strong>4. Proc\u00e9dez \u00e0 une inspection minutieuse :<\/strong> Recherchez les signes de d\u00e9g\u00e2ts des eaux (taches molles, d\u00e9coloration) sur le toit, les murs, les fen\u00eatres, les portes et le sol. V\u00e9rifiez les syst\u00e8mes m\u00e9caniques (moteur, transmission, freins, pneus) et demandez les relev\u00e9s d&rsquo;entretien. <\/p>\n<h3><strong>Assurez-vous du bon fonctionnement :<\/strong><\/h3>\n<p><strong>5. \u00c9valuez l&rsquo;int\u00e9rieur :<\/strong> Recherchez les traces d&rsquo;usure sur les sols, les murs et les plafonds. Testez tous les appareils, les syst\u00e8mes de plomberie (robinets, fuites) et les syst\u00e8mes \u00e9lectriques (lumi\u00e8res, interrupteurs). <\/p>\n<p><strong>6. \u00c2ge et kilom\u00e9trage du VR :<\/strong> Bien qu&rsquo;ils ne soient pas les seuls indicateurs, ils peuvent donner une id\u00e9e des besoins futurs en mati\u00e8re d&rsquo;entretien. Un v\u00e9hicule r\u00e9cr\u00e9atif ancien bien entretenu peut \u00eatre pr\u00e9f\u00e9rable \u00e0 un v\u00e9hicule plus r\u00e9cent avec un kilom\u00e9trage \u00e9lev\u00e9 et des ant\u00e9c\u00e9dents d&rsquo;entretien m\u00e9diocres. <\/p>\n<h3><strong>S\u00e9curisez votre investissement :<\/strong><\/h3>\n<p><strong>7. N\u00e9gociez et faites inspecter votre bien par un professionnel :<\/strong> N&rsquo;ayez pas peur de n\u00e9gocier le prix ! Avant de conclure l&rsquo;entente, demandez \u00e0 un inspecteur de VR qualifi\u00e9 de d\u00e9celer tout probl\u00e8me cach\u00e9. <\/p>\n<p><strong>8. Finaliser les documents :<\/strong> Une fois que vous vous \u00eates mis d&rsquo;accord sur le prix et que l&rsquo;inspection est termin\u00e9e, assurez-vous que tous les documents (titre de propri\u00e9t\u00e9, immatriculation, carnet d&rsquo;entretien) sont en ordre.<\/p>\n<p>En suivant ces \u00e9tapes, vous transformerez le magasinage d&rsquo;un VR usag\u00e9 en un premier chapitre excitant de votre aventure, rempli de moins de maux de t\u00eate et de plus d&rsquo;exp\u00e9riences inoubliables !<\/p>\n\t\t\t\t\t\t<\/div>\n\t\t\t\t<\/div>\n\t\t\t\t\t<\/div>\n\t\t\t\t<\/div>\n\t\t\t\t\t<\/div>\n\t\t\t\t<\/div>\n\t\t\t\t<\/div>\n\t\t","protected":false},"excerpt":{"rendered":"<p>Magasiner Un VR usag\u00e9 Inspir\u00e9 par des vid\u00e9os, des publications sur Facebook et les aventures de vos amis, vous \u00eates pr\u00eat \u00e0 prendre la route dans votre propre VR. Mais par o\u00f9 commencer ? Faites vos devoirs Se joindre \u00e0 la communaut\u00e9 des VR est une d\u00e9cision excitante, et c&rsquo;est une d\u00e9cision importante ! Pour [&hellip;]<\/p>\n","protected":false},"author":1,"featured_media":48526,"parent":45641,"menu_order":0,"comment_status":"closed","ping_status":"closed","template":"","meta":{"footnotes":""},"class_list":["post-48525","page","type-page","status-publish","has-post-thumbnail","hentry"],"_links":{"self":[{"href":"https:\/\/rvc-navigator.com\/fr\/wp-json\/wp\/v2\/pages\/48525","targetHints":{"allow":["GET"]}}],"collection":[{"href":"https:\/\/rvc-navigator.com\/fr\/wp-json\/wp\/v2\/pages"}],"about":[{"href":"https:\/\/rvc-navigator.com\/fr\/wp-json\/wp\/v2\/types\/page"}],"author":[{"embeddable":true,"href":"https:\/\/rvc-navigator.com\/fr\/wp-json\/wp\/v2\/users\/1"}],"replies":[{"embeddable":true,"href":"https:\/\/rvc-navigator.com\/fr\/wp-json\/wp\/v2\/comments?post=48525"}],"version-history":[{"count":0,"href":"https:\/\/rvc-navigator.com\/fr\/wp-json\/wp\/v2\/pages\/48525\/revisions"}],"up":[{"embeddable":true,"href":"https:\/\/rvc-navigator.com\/fr\/wp-json\/wp\/v2\/pages\/45641"}],"wp:featuredmedia":[{"embeddable":true,"href":"https:\/\/rvc-navigator.com\/fr\/wp-json\/wp\/v2\/media\/48526"}],"wp:attachment":[{"href":"https:\/\/rvc-navigator.com\/fr\/wp-json\/wp\/v2\/media?parent=48525"}],"curies":[{"name":"wp","href":"https:\/\/api.w.org\/{rel}","templated":true}]}}